{"id":11448,"date":"2017-12-28T15:04:32","date_gmt":"2017-12-28T15:04:32","guid":{"rendered":"https:\/\/inzinc.com\/product\/seo-onsite-optimization\/"},"modified":"2022-06-28T16:45:17","modified_gmt":"2022-06-28T16:45:17","slug":"seo-onsite-optimisation","status":"publish","type":"product","link":"https:\/\/inzinc.com\/fr\/product\/seo-onsite-optimisation\/","title":{"rendered":"SEO Optimisation sur site"},"content":{"rendered":"<ul>\n<li>Ciblez vos 5 principaux mots-cl\u00e9s<\/li>\n<li>Optimisez jusqu&#8217;\u00e0 10 pages<\/li>\n<li>Optimisation de toutes les balises Meta<\/li>\n<li>R\u00e9\u00e9criture du contenu et liaison par mots-cl\u00e9s<\/li>\n<li>Mise en place des 5 principaux m\u00e9dias sociaux<\/li>\n<li>Google\u2122 Analytics<\/li>\n<li>Google\u2122 Webmaster tools<\/li>\n<li>Rapports hebdomadaires<\/li>\n<li>Cr\u00e9ation des 5 principaux comptes de m\u00e9dias sociaux<\/li>\n<\/ul>\n","protected":false},"excerpt":{"rendered":"<p>Ciblez vos 5 principaux mots-cl\u00e9s Optimisez jusqu&#8217;\u00e0 10 pages Optimisation de toutes les balises Meta R\u00e9\u00e9criture du contenu et liaison par mots-cl\u00e9s Mise en place des 5 principaux m\u00e9dias sociaux Google\u2122 Analytics Google\u2122 Webmaster tools Rapports hebdomadaires Cr\u00e9ation des 5 principaux comptes de m\u00e9dias sociaux<\/p>\n","protected":false},"featured_media":11069,"template":"","meta":[],"product_cat":[127],"product_tag":[],"yoast_head":"\n<title>Montr\u00e9al SEO Optimisation Site Web<\/title>\n<meta name=\"robots\" content=\"noindex, follow\" \/>\n<meta property=\"og:locale\" content=\"fr_CA\" \/>\n<meta property=\"og:type\" content=\"article\" \/>\n<meta property=\"og:title\" content=\"Montr\u00e9al SEO Optimisation Site Web\" \/>\n<meta property=\"og:description\" content=\"Ciblez vos 5 principaux mots-cl\u00e9s Optimisez jusqu&#8217;\u00e0 10 pages Optimisation de toutes les balises Meta R\u00e9\u00e9criture du contenu et liaison par mots-cl\u00e9s Mise en place des 5 principaux m\u00e9dias sociaux Google\u2122 Analytics Google\u2122 Webmaster tools Rapports hebdomadaires Cr\u00e9ation des 5 principaux comptes de m\u00e9dias sociaux\" \/>\n<meta property=\"og:url\" content=\"https:\/\/inzinc.com\/fr\/product\/seo-onsite-optimisation\/\" \/>\n<meta property=\"og:site_name\" content=\"Inzinc WordPress Marketing\" \/>\n<meta property=\"article:publisher\" content=\"https:\/\/www.facebook.com\/inzinc\" \/>\n<meta property=\"article:modified_time\" content=\"2022-06-28T16:45:17+00:00\" \/>\n<meta property=\"og:image\" content=\"https:\/\/inzinc.com\/wp-content\/uploads\/2017\/12\/seo_web_design.png\" \/>\n\t<meta property=\"og:image:width\" content=\"960\" \/>\n\t<meta property=\"og:image:height\" content=\"504\" \/>\n\t<meta property=\"og:image:type\" content=\"image\/png\" \/>\n<meta name=\"twitter:card\" content=\"summary_large_image\" \/>\n<meta name=\"twitter:site\" content=\"@inzincweb\" \/>\n<script type=\"application\/ld+json\" class=\"yoast-schema-graph\">{\"@context\":\"https:\/\/schema.org\",\"@graph\":[{\"@type\":\"WebPage\",\"@id\":\"https:\/\/inzinc.com\/fr\/product\/seo-onsite-optimisation\/\",\"url\":\"https:\/\/inzinc.com\/fr\/product\/seo-onsite-optimisation\/\",\"name\":\"Montr\u00e9al SEO Optimisation Site Web\",\"isPartOf\":{\"@id\":\"https:\/\/inzinc.com\/fr\/#website\"},\"datePublished\":\"2017-12-28T15:04:32+00:00\",\"dateModified\":\"2022-06-28T16:45:17+00:00\",\"breadcrumb\":{\"@id\":\"https:\/\/inzinc.com\/fr\/product\/seo-onsite-optimisation\/#breadcrumb\"},\"inLanguage\":\"fr-CA\",\"potentialAction\":[{\"@type\":\"ReadAction\",\"target\":[\"https:\/\/inzinc.com\/fr\/product\/seo-onsite-optimisation\/\"]}]},{\"@type\":\"BreadcrumbList\",\"@id\":\"https:\/\/inzinc.com\/fr\/product\/seo-onsite-optimisation\/#breadcrumb\",\"itemListElement\":[{\"@type\":\"ListItem\",\"position\":1,\"name\":\"Home\",\"item\":\"https:\/\/inzinc.com\/fr\/\"},{\"@type\":\"ListItem\",\"position\":2,\"name\":\"Shop\",\"item\":\"https:\/\/inzinc.com\/shop\/\"},{\"@type\":\"ListItem\",\"position\":3,\"name\":\"SEO Optimisation sur site\"}]},{\"@type\":\"WebSite\",\"@id\":\"https:\/\/inzinc.com\/fr\/#website\",\"url\":\"https:\/\/inzinc.com\/fr\/\",\"name\":\"Inzinc WordPress Marketing\",\"description\":\"Over 30 years in WordPress website development\",\"publisher\":{\"@id\":\"https:\/\/inzinc.com\/fr\/#organization\"},\"potentialAction\":[{\"@type\":\"SearchAction\",\"target\":{\"@type\":\"EntryPoint\",\"urlTemplate\":\"https:\/\/inzinc.com\/fr\/?s={search_term_string}\"},\"query-input\":\"required name=search_term_string\"}],\"inLanguage\":\"fr-CA\"},{\"@type\":[\"Organization\",\"Place\",\"LocalBusiness\"],\"@id\":\"https:\/\/inzinc.com\/fr\/#organization\",\"name\":\"Inzinc WordPress Marketing\",\"url\":\"https:\/\/inzinc.com\/fr\/\",\"logo\":{\"@id\":\"https:\/\/inzinc.com\/fr\/product\/seo-onsite-optimisation\/#local-main-organization-logo\"},\"image\":{\"@id\":\"https:\/\/inzinc.com\/fr\/product\/seo-onsite-optimisation\/#local-main-organization-logo\"},\"sameAs\":[\"http:\/\/www.youtube.com\/montrealjoomla\",\"https:\/\/www.facebook.com\/inzinc\",\"https:\/\/twitter.com\/inzincweb\"],\"address\":{\"@id\":\"https:\/\/inzinc.com\/fr\/product\/seo-onsite-optimisation\/#local-main-place-address\"},\"geo\":{\"@type\":\"GeoCoordinates\",\"latitude\":\"45.56803902876817\",\"longitude\":\"-73.62276167298555\"},\"telephone\":[\"15144898794\"],\"openingHoursSpecification\":[{\"@type\":\"OpeningHoursSpecification\",\"dayOfWeek\":[\"Monday\",\"Tuesday\",\"Wednesday\",\"Thursday\",\"Friday\"],\"opens\":\"09:00\",\"closes\":\"21:00\"},{\"@type\":\"OpeningHoursSpecification\",\"dayOfWeek\":[\"Saturday\",\"Sunday\"],\"opens\":\"12:00\",\"closes\":\"18:00\"}],\"email\":\"mike@inzinc.com\",\"areaServed\":\"Montreal,Laval,North America,United States\",\"priceRange\":\"$$$$\",\"currenciesAccepted\":\"CAD,USD\",\"paymentAccepted\":\"Check,Cash,Visa,MasterCard,Paypal\"},{\"@type\":\"PostalAddress\",\"@id\":\"https:\/\/inzinc.com\/fr\/product\/seo-onsite-optimisation\/#local-main-place-address\",\"streetAddress\":\"8730 9th avenue\",\"addressLocality\":\"Montreal\",\"postalCode\":\"H1Z3A2\",\"addressRegion\":\"Quebec\",\"addressCountry\":\"CA\"},{\"@type\":\"ImageObject\",\"inLanguage\":\"fr-CA\",\"@id\":\"https:\/\/inzinc.com\/fr\/product\/seo-onsite-optimisation\/#local-main-organization-logo\",\"url\":\"https:\/\/inzinc.com\/wp-content\/uploads\/2017\/12\/wordpress_marketing_montreal4-e1665276622252.png\",\"contentUrl\":\"https:\/\/inzinc.com\/wp-content\/uploads\/2017\/12\/wordpress_marketing_montreal4-e1665276622252.png\",\"width\":200,\"height\":56,\"caption\":\"Inzinc WordPress Marketing\"}]}<\/script>\n<meta property=\"product:price:amount\" content=\"999.00\" \/>\n<meta property=\"product:price:currency\" content=\"CAD\" \/>\n<meta property=\"og:availability\" content=\"instock\" \/>\n<meta property=\"product:availability\" content=\"instock\" \/>\n<meta property=\"product:retailer_item_id\" content=\"SEO001\" \/>\n<meta property=\"product:condition\" content=\"new\" \/>\n<meta name=\"geo.placename\" content=\"Montreal\" \/>\n<meta name=\"geo.position\" content=\"45.56803902876817;-73.62276167298555\" \/>\n<meta name=\"geo.region\" content=\"Canada\" \/>\n","yoast_head_json":{"title":"Montr\u00e9al SEO Optimisation Site Web","robots":{"index":"noindex","follow":"follow"},"og_locale":"fr_CA","og_type":"article","og_title":"Montr\u00e9al SEO Optimisation Site Web","og_description":"Ciblez vos 5 principaux mots-cl\u00e9s Optimisez jusqu&#8217;\u00e0 10 pages Optimisation de toutes les balises Meta R\u00e9\u00e9criture du contenu et liaison par mots-cl\u00e9s Mise en place des 5 principaux m\u00e9dias sociaux Google\u2122 Analytics Google\u2122 Webmaster tools Rapports hebdomadaires Cr\u00e9ation des 5 principaux comptes de m\u00e9dias sociaux","og_url":"https:\/\/inzinc.com\/fr\/product\/seo-onsite-optimisation\/","og_site_name":"Inzinc WordPress Marketing","article_publisher":"https:\/\/www.facebook.com\/inzinc","article_modified_time":"2022-06-28T16:45:17+00:00","og_image":[{"width":960,"height":504,"url":"https:\/\/inzinc.com\/wp-content\/uploads\/2017\/12\/seo_web_design.png","type":"image\/png"}],"twitter_card":"summary_large_image","twitter_site":"@inzincweb","schema":{"@context":"https:\/\/schema.org","@graph":[{"@type":"WebPage","@id":"https:\/\/inzinc.com\/fr\/product\/seo-onsite-optimisation\/","url":"https:\/\/inzinc.com\/fr\/product\/seo-onsite-optimisation\/","name":"Montr\u00e9al SEO Optimisation Site Web","isPartOf":{"@id":"https:\/\/inzinc.com\/fr\/#website"},"datePublished":"2017-12-28T15:04:32+00:00","dateModified":"2022-06-28T16:45:17+00:00","breadcrumb":{"@id":"https:\/\/inzinc.com\/fr\/product\/seo-onsite-optimisation\/#breadcrumb"},"inLanguage":"fr-CA","potentialAction":[{"@type":"ReadAction","target":["https:\/\/inzinc.com\/fr\/product\/seo-onsite-optimisation\/"]}]},{"@type":"BreadcrumbList","@id":"https:\/\/inzinc.com\/fr\/product\/seo-onsite-optimisation\/#breadcrumb","itemListElement":[{"@type":"ListItem","position":1,"name":"Home","item":"https:\/\/inzinc.com\/fr\/"},{"@type":"ListItem","position":2,"name":"Shop","item":"https:\/\/inzinc.com\/shop\/"},{"@type":"ListItem","position":3,"name":"SEO Optimisation sur site"}]},{"@type":"WebSite","@id":"https:\/\/inzinc.com\/fr\/#website","url":"https:\/\/inzinc.com\/fr\/","name":"Inzinc WordPress Marketing","description":"Over 30 years in WordPress website development","publisher":{"@id":"https:\/\/inzinc.com\/fr\/#organization"},"potentialAction":[{"@type":"SearchAction","target":{"@type":"EntryPoint","urlTemplate":"https:\/\/inzinc.com\/fr\/?s={search_term_string}"},"query-input":"required name=search_term_string"}],"inLanguage":"fr-CA"},{"@type":["Organization","Place","LocalBusiness"],"@id":"https:\/\/inzinc.com\/fr\/#organization","name":"Inzinc WordPress Marketing","url":"https:\/\/inzinc.com\/fr\/","logo":{"@id":"https:\/\/inzinc.com\/fr\/product\/seo-onsite-optimisation\/#local-main-organization-logo"},"image":{"@id":"https:\/\/inzinc.com\/fr\/product\/seo-onsite-optimisation\/#local-main-organization-logo"},"sameAs":["http:\/\/www.youtube.com\/montrealjoomla","https:\/\/www.facebook.com\/inzinc","https:\/\/twitter.com\/inzincweb"],"address":{"@id":"https:\/\/inzinc.com\/fr\/product\/seo-onsite-optimisation\/#local-main-place-address"},"geo":{"@type":"GeoCoordinates","latitude":"45.56803902876817","longitude":"-73.62276167298555"},"telephone":["15144898794","15144898794"],"openingHoursSpecification":[{"@type":"OpeningHoursSpecification","dayOfWeek":["Monday","Tuesday","Wednesday","Thursday","Friday"],"opens":"09:00","closes":"21:00"},{"@type":"OpeningHoursSpecification","dayOfWeek":["Saturday","Sunday"],"opens":"12:00","closes":"18:00"}],"email":"mike@inzinc.com","areaServed":"Montreal,Laval,North America,United States","priceRange":"$$$$","currenciesAccepted":"CAD,USD","paymentAccepted":"Check,Cash,Visa,MasterCard,Paypal"},{"@type":"PostalAddress","@id":"https:\/\/inzinc.com\/fr\/product\/seo-onsite-optimisation\/#local-main-place-address","streetAddress":"8730 9th avenue","addressLocality":"Montreal","postalCode":"H1Z3A2","addressRegion":"Quebec","addressCountry":"CA"},{"@type":"ImageObject","inLanguage":"fr-CA","@id":"https:\/\/inzinc.com\/fr\/product\/seo-onsite-optimisation\/#local-main-organization-logo","url":"https:\/\/inzinc.com\/wp-content\/uploads\/2017\/12\/wordpress_marketing_montreal4-e1665276622252.png","contentUrl":"https:\/\/inzinc.com\/wp-content\/uploads\/2017\/12\/wordpress_marketing_montreal4-e1665276622252.png","width":200,"height":56,"caption":"Inzinc WordPress Marketing"}]},"product_price_amount":"999.00","product_price_currency":"CAD","og_availability":"instock","product_availability":"instock","product_retailer_item_id":"SEO001","product_condition":"new","geo.placename":"Montreal","geo.position":{"lat":"45.56803902876817","long":"-73.62276167298555"},"geo.region":"Canada"},"_links":{"self":[{"href":"https:\/\/inzinc.com\/fr\/wp-json\/wp\/v2\/product\/11448"}],"collection":[{"href":"https:\/\/inzinc.com\/fr\/wp-json\/wp\/v2\/product"}],"about":[{"href":"https:\/\/inzinc.com\/fr\/wp-json\/wp\/v2\/types\/product"}],"wp:featuredmedia":[{"embeddable":true,"href":"https:\/\/inzinc.com\/fr\/wp-json\/wp\/v2\/media\/11069"}],"wp:attachment":[{"href":"https:\/\/inzinc.com\/fr\/wp-json\/wp\/v2\/media?parent=11448"}],"wp:term":[{"taxonomy":"product_cat","embeddable":true,"href":"https:\/\/inzinc.com\/fr\/wp-json\/wp\/v2\/product_cat?post=11448"},{"taxonomy":"product_tag","embeddable":true,"href":"https:\/\/inzinc.com\/fr\/wp-json\/wp\/v2\/product_tag?post=11448"}],"curies":[{"name":"wp","href":"https:\/\/api.w.org\/{rel}","templated":true}]}}