{"id":11447,"date":"2017-12-29T17:49:44","date_gmt":"2017-12-29T17:49:44","guid":{"rendered":"https:\/\/inzinc.com\/product\/7-page-full-website\/"},"modified":"2022-06-28T16:42:56","modified_gmt":"2022-06-28T16:42:56","slug":"site-web-complet-a-7-pages","status":"publish","type":"product","link":"https:\/\/inzinc.com\/fr\/product\/site-web-complet-a-7-pages\/","title":{"rendered":"Co\u00fbts de la conception personnalis\u00e9e :"},"content":{"rendered":"<ul>\n<li data-row-index=\"0\"><strong>WordPress ou Joomla&nbsp;<\/strong><\/li>\n<li data-row-index=\"0\"><strong>5-7 pages personnalis\u00e9es&nbsp;<\/strong><\/li>\n<li data-row-index=\"0\"><strong>3 banni\u00e8res rotatives<\/strong><\/li>\n<li data-row-index=\"0\"><strong>1 heure de formation<\/strong><\/li>\n<li data-row-index=\"0\"><strong>1 an d&#8217;h\u00e9bergement inclus&nbsp;<\/strong><\/li>\n<li data-row-index=\"0\"><strong>(9.99\/mois apr\u00e8s la 1\u00e8re ann\u00e9e)<\/strong><\/li>\n<li data-row-index=\"0\"><strong>SSL gratuit inclus et install\u00e9<\/strong><\/li>\n<li data-row-index=\"0\"><strong>H\u00e9bergement g\u00e9r\u00e9 SSD ultra-rapide inclus<\/strong><\/li>\n<\/ul>\n","protected":false},"excerpt":{"rendered":"<p>Configurez facilement votre site Web WordPress. Fournissez-nous suffisamment d&#8217;informations pour mettre en place votre h\u00e9bergement et votre site. Nous faisons en sorte qu&#8217;il soit tr\u00e8s simple pour nos clients de mettre en place tout ce dont ils auront besoin pour un site web rapide qui stimulera les ventes.<\/p>\n","protected":false},"featured_media":11475,"template":"","meta":[],"product_cat":[125],"product_tag":[126],"yoast_head":"\n<title>Co\u00fbts de la conception personnalis\u00e9e de WordPress<\/title>\n<meta name=\"robots\" content=\"noindex, follow\" \/>\n<meta property=\"og:locale\" content=\"fr_CA\" \/>\n<meta property=\"og:type\" content=\"article\" \/>\n<meta property=\"og:title\" content=\"Co\u00fbts de la conception personnalis\u00e9e de WordPress\" \/>\n<meta property=\"og:description\" content=\"Configurez facilement votre site Web WordPress. Fournissez-nous suffisamment d&#039;informations pour mettre en place votre h\u00e9bergement et votre site. Nous faisons en sorte qu&#039;il soit tr\u00e8s simple pour nos clients de mettre en place tout ce dont ils auront besoin pour un site web rapide qui stimulera les ventes.\" \/>\n<meta property=\"og:url\" content=\"https:\/\/inzinc.com\/fr\/product\/site-web-complet-a-7-pages\/\" \/>\n<meta property=\"og:site_name\" content=\"Inzinc WordPress Marketing\" \/>\n<meta property=\"article:publisher\" content=\"https:\/\/www.facebook.com\/inzinc\" \/>\n<meta property=\"article:modified_time\" content=\"2022-06-28T16:42:56+00:00\" \/>\n<meta property=\"og:image\" content=\"https:\/\/inzinc.com\/wp-content\/uploads\/2018\/01\/page-wordpress-website-1.jpg\" \/>\n\t<meta property=\"og:image:width\" content=\"600\" \/>\n\t<meta property=\"og:image:height\" content=\"464\" \/>\n\t<meta property=\"og:image:type\" content=\"image\/jpeg\" \/>\n<meta name=\"twitter:card\" content=\"summary_large_image\" \/>\n<meta name=\"twitter:site\" content=\"@inzincweb\" \/>\n<script type=\"application\/ld+json\" class=\"yoast-schema-graph\">{\"@context\":\"https:\/\/schema.org\",\"@graph\":[{\"@type\":\"WebPage\",\"@id\":\"https:\/\/inzinc.com\/fr\/product\/site-web-complet-a-7-pages\/\",\"url\":\"https:\/\/inzinc.com\/fr\/product\/site-web-complet-a-7-pages\/\",\"name\":\"Co\u00fbts de la conception personnalis\u00e9e de WordPress\",\"isPartOf\":{\"@id\":\"https:\/\/inzinc.com\/fr\/#website\"},\"datePublished\":\"2017-12-29T17:49:44+00:00\",\"dateModified\":\"2022-06-28T16:42:56+00:00\",\"breadcrumb\":{\"@id\":\"https:\/\/inzinc.com\/fr\/product\/site-web-complet-a-7-pages\/#breadcrumb\"},\"inLanguage\":\"fr-CA\",\"potentialAction\":[{\"@type\":\"ReadAction\",\"target\":[\"https:\/\/inzinc.com\/fr\/product\/site-web-complet-a-7-pages\/\"]}]},{\"@type\":\"BreadcrumbList\",\"@id\":\"https:\/\/inzinc.com\/fr\/product\/site-web-complet-a-7-pages\/#breadcrumb\",\"itemListElement\":[{\"@type\":\"ListItem\",\"position\":1,\"name\":\"Home\",\"item\":\"https:\/\/inzinc.com\/fr\/\"},{\"@type\":\"ListItem\",\"position\":2,\"name\":\"Shop\",\"item\":\"https:\/\/inzinc.com\/shop\/\"},{\"@type\":\"ListItem\",\"position\":3,\"name\":\"Co\u00fbts de la conception personnalis\u00e9e :\"}]},{\"@type\":\"WebSite\",\"@id\":\"https:\/\/inzinc.com\/fr\/#website\",\"url\":\"https:\/\/inzinc.com\/fr\/\",\"name\":\"Inzinc WordPress Marketing\",\"description\":\"Over 30 years in WordPress website development\",\"publisher\":{\"@id\":\"https:\/\/inzinc.com\/fr\/#organization\"},\"potentialAction\":[{\"@type\":\"SearchAction\",\"target\":{\"@type\":\"EntryPoint\",\"urlTemplate\":\"https:\/\/inzinc.com\/fr\/?s={search_term_string}\"},\"query-input\":\"required name=search_term_string\"}],\"inLanguage\":\"fr-CA\"},{\"@type\":[\"Organization\",\"Place\",\"LocalBusiness\"],\"@id\":\"https:\/\/inzinc.com\/fr\/#organization\",\"name\":\"Inzinc WordPress Marketing\",\"url\":\"https:\/\/inzinc.com\/fr\/\",\"logo\":{\"@id\":\"https:\/\/inzinc.com\/fr\/product\/site-web-complet-a-7-pages\/#local-main-organization-logo\"},\"image\":{\"@id\":\"https:\/\/inzinc.com\/fr\/product\/site-web-complet-a-7-pages\/#local-main-organization-logo\"},\"sameAs\":[\"http:\/\/www.youtube.com\/montrealjoomla\",\"https:\/\/www.facebook.com\/inzinc\",\"https:\/\/twitter.com\/inzincweb\"],\"address\":{\"@id\":\"https:\/\/inzinc.com\/fr\/product\/site-web-complet-a-7-pages\/#local-main-place-address\"},\"geo\":{\"@type\":\"GeoCoordinates\",\"latitude\":\"45.56803902876817\",\"longitude\":\"-73.62276167298555\"},\"telephone\":[\"15144898794\"],\"openingHoursSpecification\":[{\"@type\":\"OpeningHoursSpecification\",\"dayOfWeek\":[\"Monday\",\"Tuesday\",\"Wednesday\",\"Thursday\",\"Friday\"],\"opens\":\"09:00\",\"closes\":\"21:00\"},{\"@type\":\"OpeningHoursSpecification\",\"dayOfWeek\":[\"Saturday\",\"Sunday\"],\"opens\":\"12:00\",\"closes\":\"18:00\"}],\"email\":\"mike@inzinc.com\",\"areaServed\":\"Montreal,Laval,North America,United States\",\"priceRange\":\"$$$$\",\"currenciesAccepted\":\"CAD,USD\",\"paymentAccepted\":\"Check,Cash,Visa,MasterCard,Paypal\"},{\"@type\":\"PostalAddress\",\"@id\":\"https:\/\/inzinc.com\/fr\/product\/site-web-complet-a-7-pages\/#local-main-place-address\",\"streetAddress\":\"8730 9th avenue\",\"addressLocality\":\"Montreal\",\"postalCode\":\"H1Z3A2\",\"addressRegion\":\"Quebec\",\"addressCountry\":\"CA\"},{\"@type\":\"ImageObject\",\"inLanguage\":\"fr-CA\",\"@id\":\"https:\/\/inzinc.com\/fr\/product\/site-web-complet-a-7-pages\/#local-main-organization-logo\",\"url\":\"https:\/\/inzinc.com\/wp-content\/uploads\/2017\/12\/wordpress_marketing_montreal4-e1665276622252.png\",\"contentUrl\":\"https:\/\/inzinc.com\/wp-content\/uploads\/2017\/12\/wordpress_marketing_montreal4-e1665276622252.png\",\"width\":200,\"height\":56,\"caption\":\"Inzinc WordPress Marketing\"}]}<\/script>\n<meta property=\"product:price:amount\" content=\"999.00\" \/>\n<meta property=\"product:price:currency\" content=\"CAD\" \/>\n<meta property=\"og:availability\" content=\"instock\" \/>\n<meta property=\"product:availability\" content=\"instock\" \/>\n<meta property=\"product:retailer_item_id\" content=\"WEBBUS\" \/>\n<meta property=\"product:condition\" content=\"new\" \/>\n<meta name=\"geo.placename\" content=\"Montreal\" \/>\n<meta name=\"geo.position\" content=\"45.56803902876817;-73.62276167298555\" \/>\n<meta name=\"geo.region\" content=\"Canada\" \/>\n","yoast_head_json":{"title":"Co\u00fbts de la conception personnalis\u00e9e de WordPress","robots":{"index":"noindex","follow":"follow"},"og_locale":"fr_CA","og_type":"article","og_title":"Co\u00fbts de la conception personnalis\u00e9e de WordPress","og_description":"Configurez facilement votre site Web WordPress. Fournissez-nous suffisamment d'informations pour mettre en place votre h\u00e9bergement et votre site. Nous faisons en sorte qu'il soit tr\u00e8s simple pour nos clients de mettre en place tout ce dont ils auront besoin pour un site web rapide qui stimulera les ventes.","og_url":"https:\/\/inzinc.com\/fr\/product\/site-web-complet-a-7-pages\/","og_site_name":"Inzinc WordPress Marketing","article_publisher":"https:\/\/www.facebook.com\/inzinc","article_modified_time":"2022-06-28T16:42:56+00:00","og_image":[{"width":600,"height":464,"url":"https:\/\/inzinc.com\/wp-content\/uploads\/2018\/01\/page-wordpress-website-1.jpg","type":"image\/jpeg"}],"twitter_card":"summary_large_image","twitter_site":"@inzincweb","schema":{"@context":"https:\/\/schema.org","@graph":[{"@type":"WebPage","@id":"https:\/\/inzinc.com\/fr\/product\/site-web-complet-a-7-pages\/","url":"https:\/\/inzinc.com\/fr\/product\/site-web-complet-a-7-pages\/","name":"Co\u00fbts de la conception personnalis\u00e9e de WordPress","isPartOf":{"@id":"https:\/\/inzinc.com\/fr\/#website"},"datePublished":"2017-12-29T17:49:44+00:00","dateModified":"2022-06-28T16:42:56+00:00","breadcrumb":{"@id":"https:\/\/inzinc.com\/fr\/product\/site-web-complet-a-7-pages\/#breadcrumb"},"inLanguage":"fr-CA","potentialAction":[{"@type":"ReadAction","target":["https:\/\/inzinc.com\/fr\/product\/site-web-complet-a-7-pages\/"]}]},{"@type":"BreadcrumbList","@id":"https:\/\/inzinc.com\/fr\/product\/site-web-complet-a-7-pages\/#breadcrumb","itemListElement":[{"@type":"ListItem","position":1,"name":"Home","item":"https:\/\/inzinc.com\/fr\/"},{"@type":"ListItem","position":2,"name":"Shop","item":"https:\/\/inzinc.com\/shop\/"},{"@type":"ListItem","position":3,"name":"Co\u00fbts de la conception personnalis\u00e9e :"}]},{"@type":"WebSite","@id":"https:\/\/inzinc.com\/fr\/#website","url":"https:\/\/inzinc.com\/fr\/","name":"Inzinc WordPress Marketing","description":"Over 30 years in WordPress website development","publisher":{"@id":"https:\/\/inzinc.com\/fr\/#organization"},"potentialAction":[{"@type":"SearchAction","target":{"@type":"EntryPoint","urlTemplate":"https:\/\/inzinc.com\/fr\/?s={search_term_string}"},"query-input":"required name=search_term_string"}],"inLanguage":"fr-CA"},{"@type":["Organization","Place","LocalBusiness"],"@id":"https:\/\/inzinc.com\/fr\/#organization","name":"Inzinc WordPress Marketing","url":"https:\/\/inzinc.com\/fr\/","logo":{"@id":"https:\/\/inzinc.com\/fr\/product\/site-web-complet-a-7-pages\/#local-main-organization-logo"},"image":{"@id":"https:\/\/inzinc.com\/fr\/product\/site-web-complet-a-7-pages\/#local-main-organization-logo"},"sameAs":["http:\/\/www.youtube.com\/montrealjoomla","https:\/\/www.facebook.com\/inzinc","https:\/\/twitter.com\/inzincweb"],"address":{"@id":"https:\/\/inzinc.com\/fr\/product\/site-web-complet-a-7-pages\/#local-main-place-address"},"geo":{"@type":"GeoCoordinates","latitude":"45.56803902876817","longitude":"-73.62276167298555"},"telephone":["15144898794","15144898794"],"openingHoursSpecification":[{"@type":"OpeningHoursSpecification","dayOfWeek":["Monday","Tuesday","Wednesday","Thursday","Friday"],"opens":"09:00","closes":"21:00"},{"@type":"OpeningHoursSpecification","dayOfWeek":["Saturday","Sunday"],"opens":"12:00","closes":"18:00"}],"email":"mike@inzinc.com","areaServed":"Montreal,Laval,North America,United States","priceRange":"$$$$","currenciesAccepted":"CAD,USD","paymentAccepted":"Check,Cash,Visa,MasterCard,Paypal"},{"@type":"PostalAddress","@id":"https:\/\/inzinc.com\/fr\/product\/site-web-complet-a-7-pages\/#local-main-place-address","streetAddress":"8730 9th avenue","addressLocality":"Montreal","postalCode":"H1Z3A2","addressRegion":"Quebec","addressCountry":"CA"},{"@type":"ImageObject","inLanguage":"fr-CA","@id":"https:\/\/inzinc.com\/fr\/product\/site-web-complet-a-7-pages\/#local-main-organization-logo","url":"https:\/\/inzinc.com\/wp-content\/uploads\/2017\/12\/wordpress_marketing_montreal4-e1665276622252.png","contentUrl":"https:\/\/inzinc.com\/wp-content\/uploads\/2017\/12\/wordpress_marketing_montreal4-e1665276622252.png","width":200,"height":56,"caption":"Inzinc WordPress Marketing"}]},"product_price_amount":"999.00","product_price_currency":"CAD","og_availability":"instock","product_availability":"instock","product_retailer_item_id":"WEBBUS","product_condition":"new","geo.placename":"Montreal","geo.position":{"lat":"45.56803902876817","long":"-73.62276167298555"},"geo.region":"Canada"},"_links":{"self":[{"href":"https:\/\/inzinc.com\/fr\/wp-json\/wp\/v2\/product\/11447"}],"collection":[{"href":"https:\/\/inzinc.com\/fr\/wp-json\/wp\/v2\/product"}],"about":[{"href":"https:\/\/inzinc.com\/fr\/wp-json\/wp\/v2\/types\/product"}],"wp:featuredmedia":[{"embeddable":true,"href":"https:\/\/inzinc.com\/fr\/wp-json\/wp\/v2\/media\/11475"}],"wp:attachment":[{"href":"https:\/\/inzinc.com\/fr\/wp-json\/wp\/v2\/media?parent=11447"}],"wp:term":[{"taxonomy":"product_cat","embeddable":true,"href":"https:\/\/inzinc.com\/fr\/wp-json\/wp\/v2\/product_cat?post=11447"},{"taxonomy":"product_tag","embeddable":true,"href":"https:\/\/inzinc.com\/fr\/wp-json\/wp\/v2\/product_tag?post=11447"}],"curies":[{"name":"wp","href":"https:\/\/api.w.org\/{rel}","templated":true}]}}