{"id":11271,"date":"2022-01-01T01:14:53","date_gmt":"2022-01-01T01:14:53","guid":{"rendered":"https:\/\/inzinc.com\/qui-sommes-nous\/"},"modified":"2022-04-21T18:32:28","modified_gmt":"2022-04-21T18:32:28","slug":"qui-sommes-nous","status":"publish","type":"page","link":"https:\/\/inzinc.com\/fr\/qui-sommes-nous\/","title":{"rendered":"Qui sommes-nous ?"},"content":{"rendered":"<section class=\"wpb-content-wrapper\">[vc_row padding_top=&#8221;0&#8243; padding_bottom=&#8221;10&#8243;][vc_column][vc_column_text responsive_font=&#8221;yes&#8221;]\n<h2>Plus de 30 ans de connaissances<\/h2>\n<p style=\"text-align: justify;\">Les services de conception web d&#8217;Inzinc cr\u00e9ent des sites web WordPress et Joomla ! pour leurs clients depuis 2004. Depuis 1993, nous concevons des sites Web et travaillons sur des technologies de pointe qui rendent votre entreprise plus rentable. Nous avons incorpor\u00e9 de nouvelles technologies pour am\u00e9liorer l&#8217;exp\u00e9rience de l&#8217;utilisateur, nous avons des ant\u00e9c\u00e9dents et nous savons ce qui fonctionne pour des centaines de mod\u00e8les d&#8217;entreprise diff\u00e9rents.<\/p>\n<blockquote><p>Nous construisons nos sites avec passion !<\/p><\/blockquote>\n<p style=\"text-align: justify;\">Par cons\u00e9quent, notre exp\u00e9rience de ce qui est \u00e9thique et de la technologie standard s&#8217;est d\u00e9velopp\u00e9e. Aujourd&#8217;hui, nous travaillons avec les meilleurs et les plus brillants programmeurs, d\u00e9veloppeurs et concepteurs de Montr\u00e9al et du monde entier afin d&#8217;offrir \u00e0 nos clients une exp\u00e9rience unique et sans tracas lors de la cr\u00e9ation de leur site Web. Nous sommes tellement convaincus que vous serez heureux de travailler avec nous que nous offrons toujours une garantie de remboursement \u00e0 100 % pour que vous vous sentiez \u00e0 l&#8217;aise de faire ce premier pas ! B\u00e9n\u00e9ficiez d&#8217;un personnel exp\u00e9riment\u00e9 qui vous fournira un site Web exactement comme vous le souhaitez. Ne soyez jamais g\u00ean\u00e9 par l&#8217;inexp\u00e9rience ou les interm\u00e9diaires qui facturent trop. Nous travaillons rapidement et efficacement pour r\u00e9duire nos co\u00fbts et faire profiter nos clients de ces \u00e9conomies.<\/p>\n[\/vc_column_text][\/vc_column][\/vc_row][vc_row padding_top=&#8221;0&#8243; padding_bottom=&#8221;15&#8243;][vc_column][vc_custom_heading text=&#8221;D\u00e9couvrez notre travail&#8221; font_container=&#8221;tag:h2|font_size:30|text_align:center|color:%2317639e&#8221; use_theme_fonts=&#8221;yes&#8221; link=&#8221;#&#8221;][\/vc_column][\/vc_row][vc_row padding_top=&#8221;0&#8243;][vc_column][vc_single_image image=&#8221;11196&#8243; img_size=&#8221;full&#8221; add_caption=&#8221;yes&#8221; alignment=&#8221;center&#8221; onclick=&#8221;custom_link&#8221; box_shadow=&#8221;zoom&#8221; link=&#8221;https:\/\/inzinc.com\/fr\/notre-portfolio\/&#8221;][\/vc_column][\/vc_row]\n<\/section>","protected":false},"excerpt":{"rendered":"<p>[vc_row padding_top=&#8221;0&#8243; padding_bottom=&#8221;10&#8243;][vc_column][vc_column_text responsive_font=&#8221;yes&#8221;] Plus de 30 ans de connaissances Les services de conception web d&#8217;Inzinc cr\u00e9ent des sites web WordPress et Joomla ! pour leurs clients depuis 2004. Depuis 1993, nous concevons des sites Web et travaillons sur des technologies de pointe qui rendent votre entreprise plus rentable. Nous avons incorpor\u00e9 de nouvelles technologies pour am\u00e9liorer l&#8217;exp\u00e9rience de l&#8217;utilisateur, [&hellip;]<\/p>\n","protected":false},"author":1,"featured_media":0,"parent":0,"menu_order":0,"comment_status":"closed","ping_status":"closed","template":"","meta":{"footnotes":""},"yoast_head":"\n<title>Agence nord-am\u00e9ricaine de conception Web et de marketing WordPress<\/title>\n<meta name=\"description\" content=\"Plus de 30 ans de connaissances Les services de conception web d&#039;Inzinc cr\u00e9ent des sites web pour leurs clients depuis le d\u00e9but de l&#039;Internet moderne. Depuis 1993, nous concevons des sites Web et travaillons sur les technologies de pointe qui assurent le succ\u00e8s des entreprises.\" \/>\n<meta name=\"robots\" content=\"index, follow, max-snippet:-1, max-image-preview:large, max-video-preview:-1\" \/>\n<link rel=\"canonical\" href=\"https:\/\/inzinc.com\/fr\/qui-sommes-nous\/\" \/>\n<meta property=\"og:locale\" content=\"fr_CA\" \/>\n<meta property=\"og:type\" content=\"article\" \/>\n<meta property=\"og:title\" content=\"Agence nord-am\u00e9ricaine de conception Web et de marketing WordPress\" \/>\n<meta property=\"og:description\" content=\"Plus de 30 ans de connaissances Les services de conception web d&#039;Inzinc cr\u00e9ent des sites web pour leurs clients depuis le d\u00e9but de l&#039;Internet moderne. Depuis 1993, nous concevons des sites Web et travaillons sur les technologies de pointe qui assurent le succ\u00e8s des entreprises.\" \/>\n<meta property=\"og:url\" content=\"https:\/\/inzinc.com\/fr\/qui-sommes-nous\/\" \/>\n<meta property=\"og:site_name\" content=\"Inzinc WordPress Marketing\" \/>\n<meta property=\"article:publisher\" content=\"https:\/\/www.facebook.com\/inzinc\" \/>\n<meta property=\"article:modified_time\" content=\"2022-04-21T18:32:28+00:00\" \/>\n<meta property=\"og:image\" content=\"https:\/\/inzinc.com\/wp-content\/uploads\/2017\/12\/logo_mtl_web_design.png\" \/>\n\t<meta property=\"og:image:width\" content=\"190\" \/>\n\t<meta property=\"og:image:height\" content=\"56\" \/>\n\t<meta property=\"og:image:type\" content=\"image\/png\" \/>\n<meta name=\"twitter:card\" content=\"summary_large_image\" \/>\n<meta name=\"twitter:site\" content=\"@inzincweb\" \/>\n<script type=\"application\/ld+json\" class=\"yoast-schema-graph\">{\"@context\":\"https:\/\/schema.org\",\"@graph\":[{\"@type\":\"WebPage\",\"@id\":\"https:\/\/inzinc.com\/fr\/qui-sommes-nous\/\",\"url\":\"https:\/\/inzinc.com\/fr\/qui-sommes-nous\/\",\"name\":\"Agence nord-am\u00e9ricaine de conception Web et de marketing WordPress\",\"isPartOf\":{\"@id\":\"https:\/\/inzinc.com\/fr\/#website\"},\"datePublished\":\"2022-01-01T01:14:53+00:00\",\"dateModified\":\"2022-04-21T18:32:28+00:00\",\"description\":\"Plus de 30 ans de connaissances Les services de conception web d'Inzinc cr\u00e9ent des sites web pour leurs clients depuis le d\u00e9but de l'Internet moderne. Depuis 1993, nous concevons des sites Web et travaillons sur les technologies de pointe qui assurent le succ\u00e8s des entreprises.\",\"breadcrumb\":{\"@id\":\"https:\/\/inzinc.com\/fr\/qui-sommes-nous\/#breadcrumb\"},\"inLanguage\":\"fr-CA\",\"potentialAction\":[{\"@type\":\"ReadAction\",\"target\":[\"https:\/\/inzinc.com\/fr\/qui-sommes-nous\/\"]}]},{\"@type\":\"BreadcrumbList\",\"@id\":\"https:\/\/inzinc.com\/fr\/qui-sommes-nous\/#breadcrumb\",\"itemListElement\":[{\"@type\":\"ListItem\",\"position\":1,\"name\":\"Home\",\"item\":\"https:\/\/inzinc.com\/fr\/\"},{\"@type\":\"ListItem\",\"position\":2,\"name\":\"Qui sommes-nous ?\"}]},{\"@type\":\"WebSite\",\"@id\":\"https:\/\/inzinc.com\/fr\/#website\",\"url\":\"https:\/\/inzinc.com\/fr\/\",\"name\":\"Inzinc WordPress Marketing\",\"description\":\"Over 30 years in WordPress website development\",\"publisher\":{\"@id\":\"https:\/\/inzinc.com\/fr\/#organization\"},\"potentialAction\":[{\"@type\":\"SearchAction\",\"target\":{\"@type\":\"EntryPoint\",\"urlTemplate\":\"https:\/\/inzinc.com\/fr\/?s={search_term_string}\"},\"query-input\":\"required name=search_term_string\"}],\"inLanguage\":\"fr-CA\"},{\"@type\":[\"Organization\",\"Place\",\"LocalBusiness\"],\"@id\":\"https:\/\/inzinc.com\/fr\/#organization\",\"name\":\"Inzinc WordPress Marketing\",\"url\":\"https:\/\/inzinc.com\/fr\/\",\"logo\":{\"@id\":\"https:\/\/inzinc.com\/fr\/qui-sommes-nous\/#local-main-organization-logo\"},\"image\":{\"@id\":\"https:\/\/inzinc.com\/fr\/qui-sommes-nous\/#local-main-organization-logo\"},\"sameAs\":[\"http:\/\/www.youtube.com\/montrealjoomla\",\"https:\/\/www.facebook.com\/inzinc\",\"https:\/\/twitter.com\/inzincweb\"],\"address\":{\"@id\":\"https:\/\/inzinc.com\/fr\/qui-sommes-nous\/#local-main-place-address\"},\"geo\":{\"@type\":\"GeoCoordinates\",\"latitude\":\"45.56803902876817\",\"longitude\":\"-73.62276167298555\"},\"telephone\":[\"15144898794\"],\"openingHoursSpecification\":[{\"@type\":\"OpeningHoursSpecification\",\"dayOfWeek\":[\"Monday\",\"Tuesday\",\"Wednesday\",\"Thursday\",\"Friday\"],\"opens\":\"09:00\",\"closes\":\"21:00\"},{\"@type\":\"OpeningHoursSpecification\",\"dayOfWeek\":[\"Saturday\",\"Sunday\"],\"opens\":\"12:00\",\"closes\":\"18:00\"}],\"email\":\"mike@inzinc.com\",\"areaServed\":\"Montreal,Laval,North America,United States\",\"priceRange\":\"$$$$\",\"currenciesAccepted\":\"CAD,USD\",\"paymentAccepted\":\"Check,Cash,Visa,MasterCard,Paypal\"},{\"@type\":\"PostalAddress\",\"@id\":\"https:\/\/inzinc.com\/fr\/qui-sommes-nous\/#local-main-place-address\",\"streetAddress\":\"8730 9th avenue\",\"addressLocality\":\"Montreal\",\"postalCode\":\"H1Z3A2\",\"addressRegion\":\"Quebec\",\"addressCountry\":\"CA\"},{\"@type\":\"ImageObject\",\"inLanguage\":\"fr-CA\",\"@id\":\"https:\/\/inzinc.com\/fr\/qui-sommes-nous\/#local-main-organization-logo\",\"url\":\"https:\/\/inzinc.com\/wp-content\/uploads\/2017\/12\/wordpress_marketing_montreal4-e1665276622252.png\",\"contentUrl\":\"https:\/\/inzinc.com\/wp-content\/uploads\/2017\/12\/wordpress_marketing_montreal4-e1665276622252.png\",\"width\":200,\"height\":56,\"caption\":\"Inzinc WordPress Marketing\"}]}<\/script>\n<meta name=\"geo.placename\" content=\"Montreal\" \/>\n<meta name=\"geo.position\" content=\"45.56803902876817;-73.62276167298555\" \/>\n<meta name=\"geo.region\" content=\"Canada\" \/>\n","yoast_head_json":{"title":"Agence nord-am\u00e9ricaine de conception Web et de marketing WordPress","description":"Plus de 30 ans de connaissances Les services de conception web d'Inzinc cr\u00e9ent des sites web pour leurs clients depuis le d\u00e9but de l'Internet moderne. Depuis 1993, nous concevons des sites Web et travaillons sur les technologies de pointe qui assurent le succ\u00e8s des entreprises.","robots":{"index":"index","follow":"follow","max-snippet":"max-snippet:-1","max-image-preview":"max-image-preview:large","max-video-preview":"max-video-preview:-1"},"canonical":"https:\/\/inzinc.com\/fr\/qui-sommes-nous\/","og_locale":"fr_CA","og_type":"article","og_title":"Agence nord-am\u00e9ricaine de conception Web et de marketing WordPress","og_description":"Plus de 30 ans de connaissances Les services de conception web d'Inzinc cr\u00e9ent des sites web pour leurs clients depuis le d\u00e9but de l'Internet moderne. Depuis 1993, nous concevons des sites Web et travaillons sur les technologies de pointe qui assurent le succ\u00e8s des entreprises.","og_url":"https:\/\/inzinc.com\/fr\/qui-sommes-nous\/","og_site_name":"Inzinc WordPress Marketing","article_publisher":"https:\/\/www.facebook.com\/inzinc","article_modified_time":"2022-04-21T18:32:28+00:00","og_image":[{"width":190,"height":56,"url":"https:\/\/inzinc.com\/wp-content\/uploads\/2017\/12\/logo_mtl_web_design.png","type":"image\/png"}],"twitter_card":"summary_large_image","twitter_site":"@inzincweb","schema":{"@context":"https:\/\/schema.org","@graph":[{"@type":"WebPage","@id":"https:\/\/inzinc.com\/fr\/qui-sommes-nous\/","url":"https:\/\/inzinc.com\/fr\/qui-sommes-nous\/","name":"Agence nord-am\u00e9ricaine de conception Web et de marketing WordPress","isPartOf":{"@id":"https:\/\/inzinc.com\/fr\/#website"},"datePublished":"2022-01-01T01:14:53+00:00","dateModified":"2022-04-21T18:32:28+00:00","description":"Plus de 30 ans de connaissances Les services de conception web d'Inzinc cr\u00e9ent des sites web pour leurs clients depuis le d\u00e9but de l'Internet moderne. Depuis 1993, nous concevons des sites Web et travaillons sur les technologies de pointe qui assurent le succ\u00e8s des entreprises.","breadcrumb":{"@id":"https:\/\/inzinc.com\/fr\/qui-sommes-nous\/#breadcrumb"},"inLanguage":"fr-CA","potentialAction":[{"@type":"ReadAction","target":["https:\/\/inzinc.com\/fr\/qui-sommes-nous\/"]}]},{"@type":"BreadcrumbList","@id":"https:\/\/inzinc.com\/fr\/qui-sommes-nous\/#breadcrumb","itemListElement":[{"@type":"ListItem","position":1,"name":"Home","item":"https:\/\/inzinc.com\/fr\/"},{"@type":"ListItem","position":2,"name":"Qui sommes-nous ?"}]},{"@type":"WebSite","@id":"https:\/\/inzinc.com\/fr\/#website","url":"https:\/\/inzinc.com\/fr\/","name":"Inzinc WordPress Marketing","description":"Over 30 years in WordPress website development","publisher":{"@id":"https:\/\/inzinc.com\/fr\/#organization"},"potentialAction":[{"@type":"SearchAction","target":{"@type":"EntryPoint","urlTemplate":"https:\/\/inzinc.com\/fr\/?s={search_term_string}"},"query-input":"required name=search_term_string"}],"inLanguage":"fr-CA"},{"@type":["Organization","Place","LocalBusiness"],"@id":"https:\/\/inzinc.com\/fr\/#organization","name":"Inzinc WordPress Marketing","url":"https:\/\/inzinc.com\/fr\/","logo":{"@id":"https:\/\/inzinc.com\/fr\/qui-sommes-nous\/#local-main-organization-logo"},"image":{"@id":"https:\/\/inzinc.com\/fr\/qui-sommes-nous\/#local-main-organization-logo"},"sameAs":["http:\/\/www.youtube.com\/montrealjoomla","https:\/\/www.facebook.com\/inzinc","https:\/\/twitter.com\/inzincweb"],"address":{"@id":"https:\/\/inzinc.com\/fr\/qui-sommes-nous\/#local-main-place-address"},"geo":{"@type":"GeoCoordinates","latitude":"45.56803902876817","longitude":"-73.62276167298555"},"telephone":["15144898794","15144898794"],"openingHoursSpecification":[{"@type":"OpeningHoursSpecification","dayOfWeek":["Monday","Tuesday","Wednesday","Thursday","Friday"],"opens":"09:00","closes":"21:00"},{"@type":"OpeningHoursSpecification","dayOfWeek":["Saturday","Sunday"],"opens":"12:00","closes":"18:00"}],"email":"mike@inzinc.com","areaServed":"Montreal,Laval,North America,United States","priceRange":"$$$$","currenciesAccepted":"CAD,USD","paymentAccepted":"Check,Cash,Visa,MasterCard,Paypal"},{"@type":"PostalAddress","@id":"https:\/\/inzinc.com\/fr\/qui-sommes-nous\/#local-main-place-address","streetAddress":"8730 9th avenue","addressLocality":"Montreal","postalCode":"H1Z3A2","addressRegion":"Quebec","addressCountry":"CA"},{"@type":"ImageObject","inLanguage":"fr-CA","@id":"https:\/\/inzinc.com\/fr\/qui-sommes-nous\/#local-main-organization-logo","url":"https:\/\/inzinc.com\/wp-content\/uploads\/2017\/12\/wordpress_marketing_montreal4-e1665276622252.png","contentUrl":"https:\/\/inzinc.com\/wp-content\/uploads\/2017\/12\/wordpress_marketing_montreal4-e1665276622252.png","width":200,"height":56,"caption":"Inzinc WordPress Marketing"}]},"geo.placename":"Montreal","geo.position":{"lat":"45.56803902876817","long":"-73.62276167298555"},"geo.region":"Canada"},"_links":{"self":[{"href":"https:\/\/inzinc.com\/fr\/wp-json\/wp\/v2\/pages\/11271"}],"collection":[{"href":"https:\/\/inzinc.com\/fr\/wp-json\/wp\/v2\/pages"}],"about":[{"href":"https:\/\/inzinc.com\/fr\/wp-json\/wp\/v2\/types\/page"}],"author":[{"embeddable":true,"href":"https:\/\/inzinc.com\/fr\/wp-json\/wp\/v2\/users\/1"}],"replies":[{"embeddable":true,"href":"https:\/\/inzinc.com\/fr\/wp-json\/wp\/v2\/comments?post=11271"}],"version-history":[{"count":0,"href":"https:\/\/inzinc.com\/fr\/wp-json\/wp\/v2\/pages\/11271\/revisions"}],"wp:attachment":[{"href":"https:\/\/inzinc.com\/fr\/wp-json\/wp\/v2\/media?parent=11271"}],"curies":[{"name":"wp","href":"https:\/\/api.w.org\/{rel}","templated":true}]}}