{"id":11267,"date":"2021-12-30T03:24:16","date_gmt":"2021-12-30T03:24:16","guid":{"rendered":"https:\/\/inzinc.com\/services-de-conception-et-dentretien-de-sites-web-joomla-montreal\/"},"modified":"2021-12-30T03:24:32","modified_gmt":"2021-12-30T03:24:32","slug":"services-de-conception-et-dentretien-de-sites-web-joomla-montreal","status":"publish","type":"page","link":"https:\/\/inzinc.com\/fr\/services-de-conception-et-dentretien-de-sites-web-joomla-montreal\/","title":{"rendered":"Services de conception et d&#8217;entretien de sites Web Joomla Montreal"},"content":{"rendered":"<section class=\"wpb-content-wrapper\">[vc_row padding_top=&#8221;0&#8243; padding_bottom=&#8221;0&#8243;][vc_column][vc_column_text]\n<h2>Agence de conception Web professionnelle \u00e0 Montr\u00e9al<\/h2>\n<p>Nous pouvons vous aider avec votre site Joomla. Peu importe si vous refaites votre site ou si vous obtenez un nouveau site. Nous pouvons construire votre site \u00e0 partir de z\u00e9ro, exactement comme vous le souhaitez <strong>(garantie \u00e0 100%)<\/strong>.\u00a0 Nous travaillons avec Joomla depuis plus d&#8217;une d\u00e9cennie et comprenons les tenants et aboutissants du logiciel. Notre meilleur programmeur bas\u00e9 \u00e0 Montr\u00e9al a plus de 20 000 heures d&#8217;exp\u00e9rience avec Joomla, alors soyez assur\u00e9s que vous \u00eates entre de bonnes mains.<\/p>\n<p>Avec 30 ans d&#8217;exp\u00e9rience, nous savons quels outils vous apporteront le succ\u00e8s !<\/p>\n<p>\u00c9tendre la fonctionnalit\u00e9 et embellir votre contenu<br \/>\nAjoutez des \u00e9l\u00e9ments \u00e0 votre site web pour une fonctionnalit\u00e9 accrue<br \/>\nOptimisation de la vitesse de chargement des pages, site web rapide comme l&#8217;\u00e9clair<br \/>\nSyst\u00e8me de panier d&#8217;achat (Virtuemart ou Hikashop)<br \/>\nAjoutez des fonctionnalit\u00e9s \u00e0 votre site qui vous permettent de r\u00e9cup\u00e9rer et de servir des documents et des images !<br \/>\nOutils de marketing pour l&#8217;am\u00e9lioration des pages Web<br \/>\nCr\u00e9ez une base de donn\u00e9es pour rester \u00e0 jour sur le comportement des visiteurs et des bulletins d&#8217;information par courriel.<br \/>\nAvez-vous besoin d&#8217;un processeur de carte de cr\u00e9dit ?<br \/>\nInt\u00e9gration de points de vente<br \/>\nBulletins d&#8217;information int\u00e9gr\u00e9s avec MailChimp<br \/>\nServices de migration de contenu pour Joomla 1.x ou 2.x vers 3.8.3<\/p>\n<p>Avez-vous besoin de mettre \u00e0 jour votre site web Joomla ! d&#8217;une ancienne version obsol\u00e8te \u00e0 la derni\u00e8re ? Nous pouvons vous aider Nous avons transf\u00e9r\u00e9 et mis \u00e0 jour de nombreux sites et pouvons sans effort mettre votre site \u00e0 jour. Nous mettons \u00e9galement \u00e0 jour les paniers d&#8217;achat Virtuemart.<\/p>\n<p>Une page compl\u00e8te seulement 50$ par page !<br \/>\nTransferts de paniers d&#8217;achats, .50$ par article jusqu&#8217;\u00e0 100,000 paniers d&#8217;articles<br \/>\nMaintenance : 50$ par heure (Forfaits disponibles)<br \/>\nSupport de mise \u00e0 niveau pour Virtuemart 1.9 \u00e0 3.0x<br \/>\nNos sites web s&#8217;autofinancent en moins de 4 mois ! Commencez \u00e0 g\u00e9n\u00e9rer du trafic organique en un rien de temps gr\u00e2ce \u00e0 nos sites optimis\u00e9s pour le r\u00e9f\u00e9rencement et \u00e0 la mise en place GRATUITE des outils pour webmasters de Google.<br \/>\nMod\u00e8les populaires de Joomla<\/p>\n<p>&nbsp;<br \/>\n[\/vc_column_text][\/vc_column][\/vc_row][vc_row padding_top=&#8221;0&#8243; padding_bottom=&#8221;0&#8243;][vc_column width=&#8221;1\/3&#8243;][vc_hoverbox image=&#8221;11046&#8243; primary_title=&#8221;http:\/\/www.youjoomla.com&#8221; hover_title=&#8221;Voir les mod\u00e8les de d\u00e9monstration&#8221; shape=&#8221;square&#8221;]Votre Joomla a quelques mod\u00e8les simples et corporatifs qui conviendront certainement \u00e0 votre conception web. Jetez-y un coup d&#8217;\u0153il et voyez si vous en trouvez un qui vous pla\u00eet. Prenez note de ceux que vous aimez !<\/p>\n<p>Jetez un coup d&#8217;\u0153il \u00e0 leurs mod\u00e8les de d\u00e9monstration.[\/vc_hoverbox][vc_video link=&#8221;https:\/\/youtu.be\/kBYRdA2QaGU&#8221; align=&#8221;center&#8221; title=&#8221;Comment cr\u00e9er une page &#8221; css=&#8221;.vc_custom_1514512311063{margin-top: 40px !important;}&#8221;][\/vc_column][vc_column width=&#8221;1\/3&#8243;][vc_hoverbox image=&#8221;11045&#8243; primary_title=&#8221;Joomla XTC&#8221; hover_title=&#8221;Joomla XTC&#8221; shape=&#8221;square&#8221;]Joomla XTC dispose de quelques mod\u00e8les dynamiques, d&#8217;entreprise et de blog qui peuvent pr\u00e9senter vos informations d&#8217;une mani\u00e8re professionnelle.<\/p>\n<p>Jetez un coup d&#8217;oeil \u00e0 ces mod\u00e8les de d\u00e9monstration.[\/vc_hoverbox][vc_video link=&#8221;https:\/\/youtu.be\/vyjQlrE_hJk&#8221; align=&#8221;center&#8221; title=&#8221;Comment sauvegarder Joomla&#8221; css=&#8221;.vc_custom_1514512330045{margin-top: 40px !important;}&#8221;][\/vc_column][vc_column width=&#8221;1\/3&#8243;][vc_hoverbox image=&#8221;11044&#8243; primary_title=&#8221;Joomal 51&#8243; hover_title=&#8221;Joomal 51 Demo&#8221; shape=&#8221;square&#8221;]Mod\u00e8les d&#8217;entreprise recommand\u00e9s. Beaux et \u00e9l\u00e9gants, vous trouverez certainement quelque chose ici.<\/p>\n<p>Jetez un coup d&#8217;\u0153il \u00e0 leurs mod\u00e8les de d\u00e9monstration[\/vc_hoverbox][vc_video link=&#8221;https:\/\/youtu.be\/uqefsrIU3PY&#8221; align=&#8221;center&#8221; title=&#8221;Acc\u00e9l\u00e9rer Joomla&#8221; css=&#8221;.vc_custom_1514512348150{margin-top: 40px !important;}&#8221;][\/vc_column][\/vc_row][vc_row][vc_column]<div  class=\"kleo-gap\" style=\"height:30px;line-height:30px;\"><\/div>[\/vc_column][\/vc_row]\n<\/section>","protected":false},"excerpt":{"rendered":"<p>[vc_row padding_top=&#8221;0&#8243; padding_bottom=&#8221;0&#8243;][vc_column][vc_column_text] Agence de conception Web professionnelle \u00e0 Montr\u00e9al Nous pouvons vous aider avec votre site Joomla. Peu importe si vous refaites votre site ou si vous obtenez un nouveau site. Nous pouvons construire votre site \u00e0 partir de z\u00e9ro, exactement comme vous le souhaitez (garantie \u00e0 100%).\u00a0 Nous travaillons avec Joomla depuis plus d&#8217;une d\u00e9cennie et comprenons les [&hellip;]<\/p>\n","protected":false},"author":1,"featured_media":0,"parent":0,"menu_order":0,"comment_status":"closed","ping_status":"closed","template":"","meta":{"footnotes":""},"yoast_head":"\n<title>Services de conception et d&#039;entretien de sites Web Joomla Montreal<\/title>\n<meta name=\"robots\" content=\"index, follow, max-snippet:-1, max-image-preview:large, max-video-preview:-1\" \/>\n<link rel=\"canonical\" href=\"https:\/\/inzinc.com\/fr\/services-de-conception-et-dentretien-de-sites-web-joomla-montreal\/\" \/>\n<meta property=\"og:locale\" content=\"fr_CA\" \/>\n<meta property=\"og:type\" content=\"article\" \/>\n<meta property=\"og:title\" content=\"Services de conception et d&#039;entretien de sites Web Joomla Montreal\" \/>\n<meta property=\"og:description\" content=\"[vc_row padding_top=&#8221;0&#8243; padding_bottom=&#8221;0&#8243;][vc_column][vc_column_text] Agence de conception Web professionnelle \u00e0 Montr\u00e9al Nous pouvons vous aider avec votre site Joomla. Peu importe si vous refaites votre site ou si vous obtenez un nouveau site. Nous pouvons construire votre site \u00e0 partir de z\u00e9ro, exactement comme vous le souhaitez (garantie \u00e0 100%).\u00a0 Nous travaillons avec Joomla depuis plus d&#8217;une d\u00e9cennie et comprenons les [&hellip;]\" \/>\n<meta property=\"og:url\" content=\"https:\/\/inzinc.com\/fr\/services-de-conception-et-dentretien-de-sites-web-joomla-montreal\/\" \/>\n<meta property=\"og:site_name\" content=\"Inzinc WordPress Marketing\" \/>\n<meta property=\"article:publisher\" content=\"https:\/\/www.facebook.com\/inzinc\" \/>\n<meta property=\"article:modified_time\" content=\"2021-12-30T03:24:32+00:00\" \/>\n<meta property=\"og:image\" content=\"https:\/\/inzinc.com\/wp-content\/uploads\/2017\/12\/logo_mtl_web_design.png\" \/>\n\t<meta property=\"og:image:width\" content=\"190\" \/>\n\t<meta property=\"og:image:height\" content=\"56\" \/>\n\t<meta property=\"og:image:type\" content=\"image\/png\" \/>\n<meta name=\"twitter:card\" content=\"summary_large_image\" \/>\n<meta name=\"twitter:site\" content=\"@inzincweb\" \/>\n<script type=\"application\/ld+json\" class=\"yoast-schema-graph\">{\"@context\":\"https:\/\/schema.org\",\"@graph\":[{\"@type\":\"WebPage\",\"@id\":\"https:\/\/inzinc.com\/fr\/services-de-conception-et-dentretien-de-sites-web-joomla-montreal\/\",\"url\":\"https:\/\/inzinc.com\/fr\/services-de-conception-et-dentretien-de-sites-web-joomla-montreal\/\",\"name\":\"Services de conception et d'entretien de sites Web Joomla Montreal\",\"isPartOf\":{\"@id\":\"https:\/\/inzinc.com\/fr\/#website\"},\"datePublished\":\"2021-12-30T03:24:16+00:00\",\"dateModified\":\"2021-12-30T03:24:32+00:00\",\"breadcrumb\":{\"@id\":\"https:\/\/inzinc.com\/fr\/services-de-conception-et-dentretien-de-sites-web-joomla-montreal\/#breadcrumb\"},\"inLanguage\":\"fr-CA\",\"potentialAction\":[{\"@type\":\"ReadAction\",\"target\":[\"https:\/\/inzinc.com\/fr\/services-de-conception-et-dentretien-de-sites-web-joomla-montreal\/\"]}]},{\"@type\":\"BreadcrumbList\",\"@id\":\"https:\/\/inzinc.com\/fr\/services-de-conception-et-dentretien-de-sites-web-joomla-montreal\/#breadcrumb\",\"itemListElement\":[{\"@type\":\"ListItem\",\"position\":1,\"name\":\"Home\",\"item\":\"https:\/\/inzinc.com\/fr\/\"},{\"@type\":\"ListItem\",\"position\":2,\"name\":\"Services de conception et d&#8217;entretien de sites Web Joomla Montreal\"}]},{\"@type\":\"WebSite\",\"@id\":\"https:\/\/inzinc.com\/fr\/#website\",\"url\":\"https:\/\/inzinc.com\/fr\/\",\"name\":\"Inzinc WordPress Marketing\",\"description\":\"Over 30 years in WordPress website development\",\"publisher\":{\"@id\":\"https:\/\/inzinc.com\/fr\/#organization\"},\"potentialAction\":[{\"@type\":\"SearchAction\",\"target\":{\"@type\":\"EntryPoint\",\"urlTemplate\":\"https:\/\/inzinc.com\/fr\/?s={search_term_string}\"},\"query-input\":\"required name=search_term_string\"}],\"inLanguage\":\"fr-CA\"},{\"@type\":[\"Organization\",\"Place\",\"LocalBusiness\"],\"@id\":\"https:\/\/inzinc.com\/fr\/#organization\",\"name\":\"Inzinc WordPress Marketing\",\"url\":\"https:\/\/inzinc.com\/fr\/\",\"logo\":{\"@id\":\"https:\/\/inzinc.com\/fr\/services-de-conception-et-dentretien-de-sites-web-joomla-montreal\/#local-main-organization-logo\"},\"image\":{\"@id\":\"https:\/\/inzinc.com\/fr\/services-de-conception-et-dentretien-de-sites-web-joomla-montreal\/#local-main-organization-logo\"},\"sameAs\":[\"http:\/\/www.youtube.com\/montrealjoomla\",\"https:\/\/www.facebook.com\/inzinc\",\"https:\/\/twitter.com\/inzincweb\"],\"address\":{\"@id\":\"https:\/\/inzinc.com\/fr\/services-de-conception-et-dentretien-de-sites-web-joomla-montreal\/#local-main-place-address\"},\"geo\":{\"@type\":\"GeoCoordinates\",\"latitude\":\"45.56803902876817\",\"longitude\":\"-73.62276167298555\"},\"telephone\":[\"15144898794\"],\"openingHoursSpecification\":[{\"@type\":\"OpeningHoursSpecification\",\"dayOfWeek\":[\"Monday\",\"Tuesday\",\"Wednesday\",\"Thursday\",\"Friday\"],\"opens\":\"09:00\",\"closes\":\"21:00\"},{\"@type\":\"OpeningHoursSpecification\",\"dayOfWeek\":[\"Saturday\",\"Sunday\"],\"opens\":\"12:00\",\"closes\":\"18:00\"}],\"email\":\"mike@inzinc.com\",\"areaServed\":\"Montreal,Laval,North America,United States\",\"priceRange\":\"$$$$\",\"currenciesAccepted\":\"CAD,USD\",\"paymentAccepted\":\"Check,Cash,Visa,MasterCard,Paypal\"},{\"@type\":\"PostalAddress\",\"@id\":\"https:\/\/inzinc.com\/fr\/services-de-conception-et-dentretien-de-sites-web-joomla-montreal\/#local-main-place-address\",\"streetAddress\":\"8730 9th avenue\",\"addressLocality\":\"Montreal\",\"postalCode\":\"H1Z3A2\",\"addressRegion\":\"Quebec\",\"addressCountry\":\"CA\"},{\"@type\":\"ImageObject\",\"inLanguage\":\"fr-CA\",\"@id\":\"https:\/\/inzinc.com\/fr\/services-de-conception-et-dentretien-de-sites-web-joomla-montreal\/#local-main-organization-logo\",\"url\":\"https:\/\/inzinc.com\/wp-content\/uploads\/2017\/12\/wordpress_marketing_montreal4-e1665276622252.png\",\"contentUrl\":\"https:\/\/inzinc.com\/wp-content\/uploads\/2017\/12\/wordpress_marketing_montreal4-e1665276622252.png\",\"width\":200,\"height\":56,\"caption\":\"Inzinc WordPress Marketing\"}]}<\/script>\n<meta name=\"geo.placename\" content=\"Montreal\" \/>\n<meta name=\"geo.position\" content=\"45.56803902876817;-73.62276167298555\" \/>\n<meta name=\"geo.region\" content=\"Canada\" \/>\n","yoast_head_json":{"title":"Services de conception et d'entretien de sites Web Joomla Montreal","robots":{"index":"index","follow":"follow","max-snippet":"max-snippet:-1","max-image-preview":"max-image-preview:large","max-video-preview":"max-video-preview:-1"},"canonical":"https:\/\/inzinc.com\/fr\/services-de-conception-et-dentretien-de-sites-web-joomla-montreal\/","og_locale":"fr_CA","og_type":"article","og_title":"Services de conception et d'entretien de sites Web Joomla Montreal","og_description":"[vc_row padding_top=&#8221;0&#8243; padding_bottom=&#8221;0&#8243;][vc_column][vc_column_text] Agence de conception Web professionnelle \u00e0 Montr\u00e9al Nous pouvons vous aider avec votre site Joomla. Peu importe si vous refaites votre site ou si vous obtenez un nouveau site. Nous pouvons construire votre site \u00e0 partir de z\u00e9ro, exactement comme vous le souhaitez (garantie \u00e0 100%).\u00a0 Nous travaillons avec Joomla depuis plus d&#8217;une d\u00e9cennie et comprenons les [&hellip;]","og_url":"https:\/\/inzinc.com\/fr\/services-de-conception-et-dentretien-de-sites-web-joomla-montreal\/","og_site_name":"Inzinc WordPress Marketing","article_publisher":"https:\/\/www.facebook.com\/inzinc","article_modified_time":"2021-12-30T03:24:32+00:00","og_image":[{"width":190,"height":56,"url":"https:\/\/inzinc.com\/wp-content\/uploads\/2017\/12\/logo_mtl_web_design.png","type":"image\/png"}],"twitter_card":"summary_large_image","twitter_site":"@inzincweb","schema":{"@context":"https:\/\/schema.org","@graph":[{"@type":"WebPage","@id":"https:\/\/inzinc.com\/fr\/services-de-conception-et-dentretien-de-sites-web-joomla-montreal\/","url":"https:\/\/inzinc.com\/fr\/services-de-conception-et-dentretien-de-sites-web-joomla-montreal\/","name":"Services de conception et d'entretien de sites Web Joomla Montreal","isPartOf":{"@id":"https:\/\/inzinc.com\/fr\/#website"},"datePublished":"2021-12-30T03:24:16+00:00","dateModified":"2021-12-30T03:24:32+00:00","breadcrumb":{"@id":"https:\/\/inzinc.com\/fr\/services-de-conception-et-dentretien-de-sites-web-joomla-montreal\/#breadcrumb"},"inLanguage":"fr-CA","potentialAction":[{"@type":"ReadAction","target":["https:\/\/inzinc.com\/fr\/services-de-conception-et-dentretien-de-sites-web-joomla-montreal\/"]}]},{"@type":"BreadcrumbList","@id":"https:\/\/inzinc.com\/fr\/services-de-conception-et-dentretien-de-sites-web-joomla-montreal\/#breadcrumb","itemListElement":[{"@type":"ListItem","position":1,"name":"Home","item":"https:\/\/inzinc.com\/fr\/"},{"@type":"ListItem","position":2,"name":"Services de conception et d&#8217;entretien de sites Web Joomla Montreal"}]},{"@type":"WebSite","@id":"https:\/\/inzinc.com\/fr\/#website","url":"https:\/\/inzinc.com\/fr\/","name":"Inzinc WordPress Marketing","description":"Over 30 years in WordPress website development","publisher":{"@id":"https:\/\/inzinc.com\/fr\/#organization"},"potentialAction":[{"@type":"SearchAction","target":{"@type":"EntryPoint","urlTemplate":"https:\/\/inzinc.com\/fr\/?s={search_term_string}"},"query-input":"required name=search_term_string"}],"inLanguage":"fr-CA"},{"@type":["Organization","Place","LocalBusiness"],"@id":"https:\/\/inzinc.com\/fr\/#organization","name":"Inzinc WordPress Marketing","url":"https:\/\/inzinc.com\/fr\/","logo":{"@id":"https:\/\/inzinc.com\/fr\/services-de-conception-et-dentretien-de-sites-web-joomla-montreal\/#local-main-organization-logo"},"image":{"@id":"https:\/\/inzinc.com\/fr\/services-de-conception-et-dentretien-de-sites-web-joomla-montreal\/#local-main-organization-logo"},"sameAs":["http:\/\/www.youtube.com\/montrealjoomla","https:\/\/www.facebook.com\/inzinc","https:\/\/twitter.com\/inzincweb"],"address":{"@id":"https:\/\/inzinc.com\/fr\/services-de-conception-et-dentretien-de-sites-web-joomla-montreal\/#local-main-place-address"},"geo":{"@type":"GeoCoordinates","latitude":"45.56803902876817","longitude":"-73.62276167298555"},"telephone":["15144898794","15144898794"],"openingHoursSpecification":[{"@type":"OpeningHoursSpecification","dayOfWeek":["Monday","Tuesday","Wednesday","Thursday","Friday"],"opens":"09:00","closes":"21:00"},{"@type":"OpeningHoursSpecification","dayOfWeek":["Saturday","Sunday"],"opens":"12:00","closes":"18:00"}],"email":"mike@inzinc.com","areaServed":"Montreal,Laval,North America,United States","priceRange":"$$$$","currenciesAccepted":"CAD,USD","paymentAccepted":"Check,Cash,Visa,MasterCard,Paypal"},{"@type":"PostalAddress","@id":"https:\/\/inzinc.com\/fr\/services-de-conception-et-dentretien-de-sites-web-joomla-montreal\/#local-main-place-address","streetAddress":"8730 9th avenue","addressLocality":"Montreal","postalCode":"H1Z3A2","addressRegion":"Quebec","addressCountry":"CA"},{"@type":"ImageObject","inLanguage":"fr-CA","@id":"https:\/\/inzinc.com\/fr\/services-de-conception-et-dentretien-de-sites-web-joomla-montreal\/#local-main-organization-logo","url":"https:\/\/inzinc.com\/wp-content\/uploads\/2017\/12\/wordpress_marketing_montreal4-e1665276622252.png","contentUrl":"https:\/\/inzinc.com\/wp-content\/uploads\/2017\/12\/wordpress_marketing_montreal4-e1665276622252.png","width":200,"height":56,"caption":"Inzinc WordPress Marketing"}]},"geo.placename":"Montreal","geo.position":{"lat":"45.56803902876817","long":"-73.62276167298555"},"geo.region":"Canada"},"_links":{"self":[{"href":"https:\/\/inzinc.com\/fr\/wp-json\/wp\/v2\/pages\/11267"}],"collection":[{"href":"https:\/\/inzinc.com\/fr\/wp-json\/wp\/v2\/pages"}],"about":[{"href":"https:\/\/inzinc.com\/fr\/wp-json\/wp\/v2\/types\/page"}],"author":[{"embeddable":true,"href":"https:\/\/inzinc.com\/fr\/wp-json\/wp\/v2\/users\/1"}],"replies":[{"embeddable":true,"href":"https:\/\/inzinc.com\/fr\/wp-json\/wp\/v2\/comments?post=11267"}],"version-history":[{"count":0,"href":"https:\/\/inzinc.com\/fr\/wp-json\/wp\/v2\/pages\/11267\/revisions"}],"wp:attachment":[{"href":"https:\/\/inzinc.com\/fr\/wp-json\/wp\/v2\/media?parent=11267"}],"curies":[{"name":"wp","href":"https:\/\/api.w.org\/{rel}","templated":true}]}}