{"id":11266,"date":"2021-12-30T02:12:24","date_gmt":"2021-12-30T02:12:24","guid":{"rendered":"https:\/\/inzinc.com\/conception-graphique-pour-limpression-et-le-web\/"},"modified":"2022-12-18T05:09:18","modified_gmt":"2022-12-18T05:09:18","slug":"conception-graphique-pour-limpression-et-le-web","status":"publish","type":"page","link":"https:\/\/inzinc.com\/fr\/conception-graphique-pour-limpression-et-le-web\/","title":{"rendered":"Conception graphique pour l&#8217;impression et le Web"},"content":{"rendered":"<section class=\"wpb-content-wrapper\">[vc_row padding_top=&#8221;0&#8243; padding_bottom=&#8221;0&#8243;][vc_column][vc_single_image image=&#8221;11126&#8243; img_size=&#8221;full&#8221; add_caption=&#8221;yes&#8221; alignment=&#8221;center&#8221; style=&#8221;vc_box_shadow_3d&#8221;][vc_column_text]\n<h1>Services professionnels de conception graphique<\/h1>\n<p>Nos graphistes bas\u00e9s \u00e0 Montr\u00e9al produisent des conceptions 2D, 3D et vectorielles \u00e0 des fins diverses, notamment :<\/p>\n<ul>\n<li><strong>Couvertures de livres et magazines<\/strong><\/li>\n<li><strong>Cartes de visite<\/strong><\/li>\n<li><strong>Sites Internet<\/strong><\/li>\n<li><strong>\u00c9tiquettes Signes et brochures<\/strong><\/li>\n<li><strong>Affiches et d\u00e9pliants<\/strong><\/li>\n<li><strong>Graphiques pour la t\u00e9l\u00e9vision<\/strong><\/li>\n<li><strong>Logos<\/strong><\/li>\n<li><strong>Publicit\u00e9 (image de marque, panneaux d&#8217;affichage, etc.)<\/strong><\/li>\n<\/ul>\n<h2>Nos travaux de conception graphique comprennent :<\/h2>\n<ul>\n<li>Travailler \u00e0 partir d&#8217;un exemple fourni par nos clients<br \/>\nRespecter les contraintes budg\u00e9taires<br \/>\nRespecter les d\u00e9lais d&#8217;ex\u00e9cution<br \/>\nApr\u00e8s approbation des conceptions<br \/>\nD\u00e9finir les proc\u00e9dures exactes pour le d\u00e9but du projet.<\/li>\n<\/ul>\n<h3>Nos comp\u00e9tences et int\u00e9r\u00eats en mati\u00e8re de design<\/h3>\n<h3><strong>Nos graphistes sont :<\/strong><\/h3>\n<ul>\n<li>Vous avez le souci du d\u00e9tail.<\/li>\n<li>Ma\u00eetrise de la plupart des applications informatiques de conception<\/li>\n<li>Ont des capacit\u00e9s de dessin et peuvent esquisser des contours<\/li>\n<li>G\u00e8rent bien leur temps et peuvent respecter toutes les \u00e9ch\u00e9ances pr\u00e9\u00e9tablies<\/li>\n<li>Connaissent les diff\u00e9rentes techniques d&#8217;impression<\/li>\n<li>Peuvent communiquer leurs id\u00e9es avec pr\u00e9cision<\/li>\n<li>Cr\u00e9atifs et imaginatifs !<\/li>\n<li>Mais surtout, nous sommes patients et p\u00e9dagogues avec tous nos clients !<\/li>\n<\/ul>\n[\/vc_column_text][\/vc_column][\/vc_row][vc_row padding_top=&#8221;0&#8243; padding_bottom=&#8221;0&#8243;][vc_column][vc_column_text]\n<h3>Conception de logos d&#8217;entreprise abordables<\/h3>\n<p>La conception d&#8217;un logo est l&#8217;un des principaux probl\u00e8mes auxquels nous sommes confront\u00e9s en tant que soci\u00e9t\u00e9 de d\u00e9veloppement. Votre logo transmet l&#8217;image de votre entreprise au spectateur. Parfois, c&#8217;est tout ce qu&#8217;il voit. Il est donc important de les impressionner avec un logo professionnel qui capture exactement ce que votre entreprise fait. Nous pouvons cr\u00e9er sur mesure tout type de logo dont votre entreprise a besoin. Vous avez besoin de refaire votre logo ? Nous pouvons vous aider ! Nous pouvons refaire votre image statique simple dans un fichier en couches pour tous vos besoins d&#8217;impression ! Vous n&#8217;avez pas de logo ? Nous travaillons avec vous pour conceptualiser le logo qui correspond \u00e0 l&#8217;image de votre entreprise. Pour en savoir plus, appelez-nous d\u00e8s aujourd&#8217;hui ! <a href=\"tel:15144898794\"><strong>1.514.489.8794<\/strong><\/a>[\/vc_column_text][\/vc_column][\/vc_row][vc_row padding_top=&#8221;0&#8243; padding_bottom=&#8221;0&#8243;][vc_column][vc_column_text]\n<div id=\"attachment_11127\" style=\"width: 710px\" class=\"wp-caption aligncenter\"><img aria-describedby=\"caption-attachment-11127\" decoding=\"async\" loading=\"lazy\" class=\"wp-image-11127 size-full\" title=\"Graphic Design For Print, Vector &amp; Web\" src=\"https:\/\/inzinc.com\/wp-content\/uploads\/2018\/01\/web_logo-e1515816985581.png\" alt=\"Graphic Design For Print, Vector &amp; Web\" width=\"700\" height=\"171\" srcset=\"https:\/\/inzinc.com\/wp-content\/uploads\/2018\/01\/web_logo-e1515816985581.png 700w, https:\/\/inzinc.com\/wp-content\/uploads\/2018\/01\/web_logo-e1515816985581-600x147.png 600w\" sizes=\"(max-width: 700px) 100vw, 700px\" \/><p id=\"caption-attachment-11127\" class=\"wp-caption-text\">Minsky Therapie, Montreal, QC<\/p><\/div>\n[\/vc_column_text][vc_empty_space][\/vc_column][\/vc_row]\n<\/section>","protected":false},"excerpt":{"rendered":"<p>[vc_row padding_top=&#8221;0&#8243; padding_bottom=&#8221;0&#8243;][vc_column][vc_single_image image=&#8221;11126&#8243; img_size=&#8221;full&#8221; add_caption=&#8221;yes&#8221; alignment=&#8221;center&#8221; style=&#8221;vc_box_shadow_3d&#8221;][vc_column_text] Services professionnels de conception graphique Nos graphistes bas\u00e9s \u00e0 Montr\u00e9al produisent des conceptions 2D, 3D et vectorielles \u00e0 des fins diverses, notamment : Couvertures de livres et magazines Cartes de visite Sites Internet \u00c9tiquettes Signes et brochures Affiches et d\u00e9pliants Graphiques pour la t\u00e9l\u00e9vision Logos Publicit\u00e9 (image de marque, panneaux d&#8217;affichage, etc.) [&hellip;]<\/p>\n","protected":false},"author":1,"featured_media":0,"parent":0,"menu_order":0,"comment_status":"closed","ping_status":"closed","template":"","meta":{"footnotes":""},"yoast_head":"\n<title>Conception graphique pour l&#039;impression et le Web<\/title>\n<meta name=\"robots\" content=\"index, follow, max-snippet:-1, max-image-preview:large, max-video-preview:-1\" \/>\n<link rel=\"canonical\" href=\"https:\/\/inzinc.com\/fr\/conception-graphique-pour-limpression-et-le-web\/\" \/>\n<meta property=\"og:locale\" content=\"fr_CA\" \/>\n<meta property=\"og:type\" content=\"article\" \/>\n<meta property=\"og:title\" content=\"Conception graphique pour l&#039;impression et le Web\" \/>\n<meta property=\"og:description\" content=\"[vc_row padding_top=&#8221;0&#8243; padding_bottom=&#8221;0&#8243;][vc_column][vc_single_image image=&#8221;11126&#8243; img_size=&#8221;full&#8221; add_caption=&#8221;yes&#8221; alignment=&#8221;center&#8221; style=&#8221;vc_box_shadow_3d&#8221;][vc_column_text] Services professionnels de conception graphique Nos graphistes bas\u00e9s \u00e0 Montr\u00e9al produisent des conceptions 2D, 3D et vectorielles \u00e0 des fins diverses, notamment : Couvertures de livres et magazines Cartes de visite Sites Internet \u00c9tiquettes Signes et brochures Affiches et d\u00e9pliants Graphiques pour la t\u00e9l\u00e9vision Logos Publicit\u00e9 (image de marque, panneaux d&#8217;affichage, etc.) [&hellip;]\" \/>\n<meta property=\"og:url\" content=\"https:\/\/inzinc.com\/fr\/conception-graphique-pour-limpression-et-le-web\/\" \/>\n<meta property=\"og:site_name\" content=\"Inzinc WordPress Marketing\" \/>\n<meta property=\"article:publisher\" content=\"https:\/\/www.facebook.com\/inzinc\" \/>\n<meta property=\"article:modified_time\" content=\"2022-12-18T05:09:18+00:00\" \/>\n<meta property=\"og:image\" content=\"https:\/\/inzinc.com\/wp-content\/uploads\/2018\/01\/web_logo-e1515816985581.png\" \/>\n<meta name=\"twitter:card\" content=\"summary_large_image\" \/>\n<meta name=\"twitter:site\" content=\"@inzincweb\" \/>\n<script type=\"application\/ld+json\" class=\"yoast-schema-graph\">{\"@context\":\"https:\/\/schema.org\",\"@graph\":[{\"@type\":\"WebPage\",\"@id\":\"https:\/\/inzinc.com\/fr\/conception-graphique-pour-limpression-et-le-web\/\",\"url\":\"https:\/\/inzinc.com\/fr\/conception-graphique-pour-limpression-et-le-web\/\",\"name\":\"Conception graphique pour l'impression et le Web\",\"isPartOf\":{\"@id\":\"https:\/\/inzinc.com\/fr\/#website\"},\"datePublished\":\"2021-12-30T02:12:24+00:00\",\"dateModified\":\"2022-12-18T05:09:18+00:00\",\"breadcrumb\":{\"@id\":\"https:\/\/inzinc.com\/fr\/conception-graphique-pour-limpression-et-le-web\/#breadcrumb\"},\"inLanguage\":\"fr-CA\",\"potentialAction\":[{\"@type\":\"ReadAction\",\"target\":[\"https:\/\/inzinc.com\/fr\/conception-graphique-pour-limpression-et-le-web\/\"]}]},{\"@type\":\"BreadcrumbList\",\"@id\":\"https:\/\/inzinc.com\/fr\/conception-graphique-pour-limpression-et-le-web\/#breadcrumb\",\"itemListElement\":[{\"@type\":\"ListItem\",\"position\":1,\"name\":\"Home\",\"item\":\"https:\/\/inzinc.com\/fr\/\"},{\"@type\":\"ListItem\",\"position\":2,\"name\":\"Conception graphique pour l&#8217;impression et le Web\"}]},{\"@type\":\"WebSite\",\"@id\":\"https:\/\/inzinc.com\/fr\/#website\",\"url\":\"https:\/\/inzinc.com\/fr\/\",\"name\":\"Inzinc WordPress Marketing\",\"description\":\"Over 30 years in WordPress website development\",\"publisher\":{\"@id\":\"https:\/\/inzinc.com\/fr\/#organization\"},\"potentialAction\":[{\"@type\":\"SearchAction\",\"target\":{\"@type\":\"EntryPoint\",\"urlTemplate\":\"https:\/\/inzinc.com\/fr\/?s={search_term_string}\"},\"query-input\":\"required name=search_term_string\"}],\"inLanguage\":\"fr-CA\"},{\"@type\":[\"Organization\",\"Place\",\"LocalBusiness\"],\"@id\":\"https:\/\/inzinc.com\/fr\/#organization\",\"name\":\"Inzinc WordPress Marketing\",\"url\":\"https:\/\/inzinc.com\/fr\/\",\"logo\":{\"@id\":\"https:\/\/inzinc.com\/fr\/conception-graphique-pour-limpression-et-le-web\/#local-main-organization-logo\"},\"image\":{\"@id\":\"https:\/\/inzinc.com\/fr\/conception-graphique-pour-limpression-et-le-web\/#local-main-organization-logo\"},\"sameAs\":[\"http:\/\/www.youtube.com\/montrealjoomla\",\"https:\/\/www.facebook.com\/inzinc\",\"https:\/\/twitter.com\/inzincweb\"],\"address\":{\"@id\":\"https:\/\/inzinc.com\/fr\/conception-graphique-pour-limpression-et-le-web\/#local-main-place-address\"},\"geo\":{\"@type\":\"GeoCoordinates\",\"latitude\":\"45.56803902876817\",\"longitude\":\"-73.62276167298555\"},\"telephone\":[\"15144898794\"],\"openingHoursSpecification\":[{\"@type\":\"OpeningHoursSpecification\",\"dayOfWeek\":[\"Monday\",\"Tuesday\",\"Wednesday\",\"Thursday\",\"Friday\"],\"opens\":\"09:00\",\"closes\":\"21:00\"},{\"@type\":\"OpeningHoursSpecification\",\"dayOfWeek\":[\"Saturday\",\"Sunday\"],\"opens\":\"12:00\",\"closes\":\"18:00\"}],\"email\":\"mike@inzinc.com\",\"areaServed\":\"Montreal,Laval,North America,United States\",\"priceRange\":\"$$$$\",\"currenciesAccepted\":\"CAD,USD\",\"paymentAccepted\":\"Check,Cash,Visa,MasterCard,Paypal\"},{\"@type\":\"PostalAddress\",\"@id\":\"https:\/\/inzinc.com\/fr\/conception-graphique-pour-limpression-et-le-web\/#local-main-place-address\",\"streetAddress\":\"8730 9th avenue\",\"addressLocality\":\"Montreal\",\"postalCode\":\"H1Z3A2\",\"addressRegion\":\"Quebec\",\"addressCountry\":\"CA\"},{\"@type\":\"ImageObject\",\"inLanguage\":\"fr-CA\",\"@id\":\"https:\/\/inzinc.com\/fr\/conception-graphique-pour-limpression-et-le-web\/#local-main-organization-logo\",\"url\":\"https:\/\/inzinc.com\/wp-content\/uploads\/2017\/12\/wordpress_marketing_montreal4-e1665276622252.png\",\"contentUrl\":\"https:\/\/inzinc.com\/wp-content\/uploads\/2017\/12\/wordpress_marketing_montreal4-e1665276622252.png\",\"width\":200,\"height\":56,\"caption\":\"Inzinc WordPress Marketing\"}]}<\/script>\n<meta name=\"geo.placename\" content=\"Montreal\" \/>\n<meta name=\"geo.position\" content=\"45.56803902876817;-73.62276167298555\" \/>\n<meta name=\"geo.region\" content=\"Canada\" \/>\n","yoast_head_json":{"title":"Conception graphique pour l'impression et le Web","robots":{"index":"index","follow":"follow","max-snippet":"max-snippet:-1","max-image-preview":"max-image-preview:large","max-video-preview":"max-video-preview:-1"},"canonical":"https:\/\/inzinc.com\/fr\/conception-graphique-pour-limpression-et-le-web\/","og_locale":"fr_CA","og_type":"article","og_title":"Conception graphique pour l'impression et le Web","og_description":"[vc_row padding_top=&#8221;0&#8243; padding_bottom=&#8221;0&#8243;][vc_column][vc_single_image image=&#8221;11126&#8243; img_size=&#8221;full&#8221; add_caption=&#8221;yes&#8221; alignment=&#8221;center&#8221; style=&#8221;vc_box_shadow_3d&#8221;][vc_column_text] Services professionnels de conception graphique Nos graphistes bas\u00e9s \u00e0 Montr\u00e9al produisent des conceptions 2D, 3D et vectorielles \u00e0 des fins diverses, notamment : Couvertures de livres et magazines Cartes de visite Sites Internet \u00c9tiquettes Signes et brochures Affiches et d\u00e9pliants Graphiques pour la t\u00e9l\u00e9vision Logos Publicit\u00e9 (image de marque, panneaux d&#8217;affichage, etc.) [&hellip;]","og_url":"https:\/\/inzinc.com\/fr\/conception-graphique-pour-limpression-et-le-web\/","og_site_name":"Inzinc WordPress Marketing","article_publisher":"https:\/\/www.facebook.com\/inzinc","article_modified_time":"2022-12-18T05:09:18+00:00","og_image":[{"url":"https:\/\/inzinc.com\/wp-content\/uploads\/2018\/01\/web_logo-e1515816985581.png"}],"twitter_card":"summary_large_image","twitter_site":"@inzincweb","schema":{"@context":"https:\/\/schema.org","@graph":[{"@type":"WebPage","@id":"https:\/\/inzinc.com\/fr\/conception-graphique-pour-limpression-et-le-web\/","url":"https:\/\/inzinc.com\/fr\/conception-graphique-pour-limpression-et-le-web\/","name":"Conception graphique pour l'impression et le Web","isPartOf":{"@id":"https:\/\/inzinc.com\/fr\/#website"},"datePublished":"2021-12-30T02:12:24+00:00","dateModified":"2022-12-18T05:09:18+00:00","breadcrumb":{"@id":"https:\/\/inzinc.com\/fr\/conception-graphique-pour-limpression-et-le-web\/#breadcrumb"},"inLanguage":"fr-CA","potentialAction":[{"@type":"ReadAction","target":["https:\/\/inzinc.com\/fr\/conception-graphique-pour-limpression-et-le-web\/"]}]},{"@type":"BreadcrumbList","@id":"https:\/\/inzinc.com\/fr\/conception-graphique-pour-limpression-et-le-web\/#breadcrumb","itemListElement":[{"@type":"ListItem","position":1,"name":"Home","item":"https:\/\/inzinc.com\/fr\/"},{"@type":"ListItem","position":2,"name":"Conception graphique pour l&#8217;impression et le Web"}]},{"@type":"WebSite","@id":"https:\/\/inzinc.com\/fr\/#website","url":"https:\/\/inzinc.com\/fr\/","name":"Inzinc WordPress Marketing","description":"Over 30 years in WordPress website development","publisher":{"@id":"https:\/\/inzinc.com\/fr\/#organization"},"potentialAction":[{"@type":"SearchAction","target":{"@type":"EntryPoint","urlTemplate":"https:\/\/inzinc.com\/fr\/?s={search_term_string}"},"query-input":"required name=search_term_string"}],"inLanguage":"fr-CA"},{"@type":["Organization","Place","LocalBusiness"],"@id":"https:\/\/inzinc.com\/fr\/#organization","name":"Inzinc WordPress Marketing","url":"https:\/\/inzinc.com\/fr\/","logo":{"@id":"https:\/\/inzinc.com\/fr\/conception-graphique-pour-limpression-et-le-web\/#local-main-organization-logo"},"image":{"@id":"https:\/\/inzinc.com\/fr\/conception-graphique-pour-limpression-et-le-web\/#local-main-organization-logo"},"sameAs":["http:\/\/www.youtube.com\/montrealjoomla","https:\/\/www.facebook.com\/inzinc","https:\/\/twitter.com\/inzincweb"],"address":{"@id":"https:\/\/inzinc.com\/fr\/conception-graphique-pour-limpression-et-le-web\/#local-main-place-address"},"geo":{"@type":"GeoCoordinates","latitude":"45.56803902876817","longitude":"-73.62276167298555"},"telephone":["15144898794","15144898794"],"openingHoursSpecification":[{"@type":"OpeningHoursSpecification","dayOfWeek":["Monday","Tuesday","Wednesday","Thursday","Friday"],"opens":"09:00","closes":"21:00"},{"@type":"OpeningHoursSpecification","dayOfWeek":["Saturday","Sunday"],"opens":"12:00","closes":"18:00"}],"email":"mike@inzinc.com","areaServed":"Montreal,Laval,North America,United States","priceRange":"$$$$","currenciesAccepted":"CAD,USD","paymentAccepted":"Check,Cash,Visa,MasterCard,Paypal"},{"@type":"PostalAddress","@id":"https:\/\/inzinc.com\/fr\/conception-graphique-pour-limpression-et-le-web\/#local-main-place-address","streetAddress":"8730 9th avenue","addressLocality":"Montreal","postalCode":"H1Z3A2","addressRegion":"Quebec","addressCountry":"CA"},{"@type":"ImageObject","inLanguage":"fr-CA","@id":"https:\/\/inzinc.com\/fr\/conception-graphique-pour-limpression-et-le-web\/#local-main-organization-logo","url":"https:\/\/inzinc.com\/wp-content\/uploads\/2017\/12\/wordpress_marketing_montreal4-e1665276622252.png","contentUrl":"https:\/\/inzinc.com\/wp-content\/uploads\/2017\/12\/wordpress_marketing_montreal4-e1665276622252.png","width":200,"height":56,"caption":"Inzinc WordPress Marketing"}]},"geo.placename":"Montreal","geo.position":{"lat":"45.56803902876817","long":"-73.62276167298555"},"geo.region":"Canada"},"_links":{"self":[{"href":"https:\/\/inzinc.com\/fr\/wp-json\/wp\/v2\/pages\/11266"}],"collection":[{"href":"https:\/\/inzinc.com\/fr\/wp-json\/wp\/v2\/pages"}],"about":[{"href":"https:\/\/inzinc.com\/fr\/wp-json\/wp\/v2\/types\/page"}],"author":[{"embeddable":true,"href":"https:\/\/inzinc.com\/fr\/wp-json\/wp\/v2\/users\/1"}],"replies":[{"embeddable":true,"href":"https:\/\/inzinc.com\/fr\/wp-json\/wp\/v2\/comments?post=11266"}],"version-history":[{"count":0,"href":"https:\/\/inzinc.com\/fr\/wp-json\/wp\/v2\/pages\/11266\/revisions"}],"wp:attachment":[{"href":"https:\/\/inzinc.com\/fr\/wp-json\/wp\/v2\/media?parent=11266"}],"curies":[{"name":"wp","href":"https:\/\/api.w.org\/{rel}","templated":true}]}}