{"id":11265,"date":"2021-12-30T02:05:04","date_gmt":"2021-12-30T02:05:04","guid":{"rendered":"https:\/\/inzinc.com\/inzinc-web-design-notre-histoire\/"},"modified":"2022-12-18T04:47:20","modified_gmt":"2022-12-18T04:47:20","slug":"notre-portfolio","status":"publish","type":"page","link":"https:\/\/inzinc.com\/fr\/notre-portfolio\/","title":{"rendered":"Conception Site Web Inzinc Notre histoire"},"content":{"rendered":"<section class=\"wpb-content-wrapper\">[vc_row padding_top=&#8221;0&#8243;][vc_column width=&#8221;2\/3&#8243;][vc_custom_heading text=&#8221;Conception Site Web Inzinc Notre histoire&#8221; use_theme_fonts=&#8221;yes&#8221;][vc_single_image image=&#8221;11129&#8243; img_size=&#8221;full&#8221; add_caption=&#8221;yes&#8221; alignment=&#8221;center&#8221; onclick=&#8221;custom_link&#8221; link=&#8221;https:\/\/inzinc.com\/contact-us\/&#8221;][vc_column_text]Cela fait plus de trois d\u00e9cennies que nous avons commenc\u00e9 \u00e0 travailler sur des sites web. Vous trouverez ci-dessous un aper\u00e7u de notre travail. Nous avons travaill\u00e9 sur tous les mod\u00e8les d&#8217;entreprise imaginables et avons produit des sites web hautement professionnels avec un investissement minimal. Nous avons l&#8217;exp\u00e9rience n\u00e9cessaire pour donner vie \u00e0 votre projet, exactement comme vous le souhaitez ! C&#8217;est garanti.[\/vc_column_text][vc_single_image image=&#8221;11038&#8243; img_size=&#8221;full&#8221;][\/vc_column][vc_column width=&#8221;1\/3&#8243;]<div class=\"wpb_wrapper\"><div class=\" kleo-testimonials\">\n\t\t\t\t<figure class=\"callout-blockquote light\">\n\t\t\t\t\t<blockquote>\n\t\t\t\t\t\t<p>Travailler avec Inzinc a \u00e9t\u00e9 un plaisir . Ils ont pass\u00e9 le temps n\u00e9cessaire avec moi pour comprendre les tenants et les aboutissants d&#8217;un site web et en a fait un processus simple . Merci inzinc vous avez rendu ma vie plus facile .<\/p>\n\t\t\t\t\t<\/blockquote>\n\t\t\t\t\t<figcaption> <span class=\"title-name\">Travailler avec Inzinc a \u00e9t\u00e9 un plaisir &#8230;<\/span><br>\n\t\t\t\t\t\t<span><\/span><br>\n\t\t\t\t\t<\/figcaption>\n\t\t\t\t<\/figure>\n\n\t\t<\/div><\/div>[\/vc_column][\/vc_row][vc_row padding_top=&#8221;0&#8243; padding_bottom=&#8221;0&#8243;][vc_column][vc_text_separator title=&#8221;L&#8217;histoire de notre travail&#8221; title_align=&#8221;separator_align_left&#8221; color=&#8221;sky&#8221;]<div id=\"69e4be0e3c6c5\" class=\"gg_gallery_wrap gg_true_gallery gg_string_gallery gid_1387 gg_both_ol gg_ol_bottom_mode gg_main_ol_hide_on_h \" data-gg_ol=\"default\" data-row-h=\"140\" rel=\"1387\" data-nores-txt=\"No images found\">              <div class=\"gg_loader\">            <div class=\"ggl_1\"><\/div>            <div class=\"ggl_2\"><\/div>            <div class=\"ggl_3\"><\/div>            <div class=\"ggl_4\"><\/div>        <\/div>  <div class=\"gg_container\"><div class=\"gg_img \" data-gg-url=\"https:\/\/inzinc.com\/wp-content\/uploads\/2017\/12\/inzinccom00555.png\" data-gg-title=\"E-commerce Shoes\" data-gg-author=\"E-commerce Shoes\" data-gg-descr=\"\" data-gg-tags=\"\" data-img-id=\"0\" rel=\"1387\">  <div class=\"gg_img_inner\" style=\"height: 140px;\">  <div class=\"gg_main_img_wrap\"><div class=\"gg_img_wrap_inner\"><img src=\"\" data-gg-lazy-src=\"\/\/inzinc.com\/wp-content\/uploads\/ewpt_cache\/0x140_96_1_c_FFFFFF_bcca19fa8772b9abe56cbf80aed297c4.png\" alt=\"E-commerce Shoes\" class=\"gg_photo gg_main_thumb\" \/><noscript><img src=\"https:\/\/inzinc.com\/wp-content\/uploads\/2017\/12\/inzinccom00555.png\" alt=\"E-commerce Shoes\" \/><\/noscript><\/div><\/div><div class=\"gg_overlays\"><div class=\"gg_sec_overlay gg_tl_pos\"><span><\/span><\/div><div class=\"gg_main_overlay\"><span class=\"gg_img_title\">E-commerce Shoes<\/span><\/div><\/div><\/div><\/div><div class=\"gg_img \" data-gg-url=\"https:\/\/inzinc.com\/wp-content\/uploads\/2019\/09\/ivandrywall.png\" data-gg-title=\"Dry Wall V.2\" data-gg-author=\"Inzinc Media\" data-gg-descr=\"\" data-gg-tags=\"\" data-img-id=\"1\" rel=\"1387\">  <div class=\"gg_img_inner\" style=\"height: 140px;\">  <div class=\"gg_main_img_wrap\"><div class=\"gg_img_wrap_inner\"><img src=\"\" data-gg-lazy-src=\"\/\/inzinc.com\/wp-content\/uploads\/ewpt_cache\/0x140_96_1_c_FFFFFF_cede4ff888c897d887c4bdc58c7c95ac.png\" alt=\"Dry Wall V.2\" class=\"gg_photo gg_main_thumb\" \/><noscript><img src=\"https:\/\/inzinc.com\/wp-content\/uploads\/2019\/09\/ivandrywall.png\" alt=\"Dry Wall V.2\" \/><\/noscript><\/div><\/div><div class=\"gg_overlays\"><div class=\"gg_sec_overlay gg_tl_pos\"><span><\/span><\/div><div class=\"gg_main_overlay\"><span class=\"gg_img_title\">Dry Wall V.2<\/span><\/div><\/div><\/div><\/div><div class=\"gg_img \" data-gg-url=\"https:\/\/inzinc.com\/wp-content\/uploads\/2017\/12\/inzinccom0047.png\" data-gg-title=\"Crypto Site\" data-gg-author=\"Inzinc Media\" data-gg-descr=\"\" data-gg-tags=\"\" data-img-id=\"2\" rel=\"1387\">  <div class=\"gg_img_inner\" style=\"height: 140px;\">  <div class=\"gg_main_img_wrap\"><div class=\"gg_img_wrap_inner\"><img src=\"\" data-gg-lazy-src=\"\/\/inzinc.com\/wp-content\/uploads\/ewpt_cache\/0x140_96_1_c_FFFFFF_a7a67ffc6affe3afbcb1b9ca75673564.png\" alt=\"Crypto Site\" class=\"gg_photo gg_main_thumb\" \/><noscript><img src=\"https:\/\/inzinc.com\/wp-content\/uploads\/2017\/12\/inzinccom0047.png\" alt=\"Crypto Site\" \/><\/noscript><\/div><\/div><div class=\"gg_overlays\"><div class=\"gg_sec_overlay gg_tl_pos\"><span><\/span><\/div><div class=\"gg_main_overlay\"><span class=\"gg_img_title\">Crypto Site<\/span><\/div><\/div><\/div><\/div><div class=\"gg_img \" data-gg-url=\"https:\/\/inzinc.com\/wp-content\/uploads\/2019\/09\/1623_inzinc_tht.png\" data-gg-title=\"Fitness Training\" data-gg-author=\"Inzinc Media\" data-gg-descr=\"\" data-gg-tags=\"\" data-img-id=\"3\" rel=\"1387\">  <div class=\"gg_img_inner\" style=\"height: 140px;\">  <div class=\"gg_main_img_wrap\"><div class=\"gg_img_wrap_inner\"><img src=\"\" data-gg-lazy-src=\"\/\/inzinc.com\/wp-content\/uploads\/ewpt_cache\/0x140_96_1_c_FFFFFF_18501e07bb9313f3f018ca8ec4a57ad9.png\" alt=\"Fitness Training\" class=\"gg_photo gg_main_thumb\" \/><noscript><img src=\"https:\/\/inzinc.com\/wp-content\/uploads\/2019\/09\/1623_inzinc_tht.png\" alt=\"Fitness Training\" \/><\/noscript><\/div><\/div><div class=\"gg_overlays\"><div class=\"gg_sec_overlay gg_tl_pos\"><span><\/span><\/div><div class=\"gg_main_overlay\"><span class=\"gg_img_title\">Fitness Training<\/span><\/div><\/div><\/div><\/div><div class=\"gg_img \" data-gg-url=\"https:\/\/inzinc.com\/wp-content\/uploads\/2019\/09\/smartmaids.png\" data-gg-title=\"Home Cleaining\" data-gg-author=\"Inzinc Media\" data-gg-descr=\"\" data-gg-tags=\"\" data-img-id=\"4\" rel=\"1387\">  <div class=\"gg_img_inner\" style=\"height: 140px;\">  <div class=\"gg_main_img_wrap\"><div class=\"gg_img_wrap_inner\"><img src=\"\" data-gg-lazy-src=\"\/\/inzinc.com\/wp-content\/uploads\/ewpt_cache\/0x140_96_1_c_FFFFFF_91c4a15a185fb96bf4e72244df15dbec.png\" alt=\"Home Cleaining\" class=\"gg_photo gg_main_thumb\" \/><noscript><img src=\"https:\/\/inzinc.com\/wp-content\/uploads\/2019\/09\/smartmaids.png\" alt=\"Home Cleaining\" \/><\/noscript><\/div><\/div><div class=\"gg_overlays\"><div class=\"gg_sec_overlay gg_tl_pos\"><span><\/span><\/div><div class=\"gg_main_overlay\"><span class=\"gg_img_title\">Home Cleaining<\/span><\/div><\/div><\/div><\/div><div class=\"gg_img \" data-gg-url=\"https:\/\/inzinc.com\/wp-content\/uploads\/2017\/12\/brilliant_bpo.png\" data-gg-title=\"Brilliant BPO\" data-gg-author=\"Brilliant BPO\" data-gg-descr=\"\" data-gg-tags=\"\" data-img-id=\"5\" rel=\"1387\">  <div class=\"gg_img_inner\" style=\"height: 140px;\">  <div class=\"gg_main_img_wrap\"><div class=\"gg_img_wrap_inner\"><img src=\"\" data-gg-lazy-src=\"\/\/inzinc.com\/wp-content\/uploads\/ewpt_cache\/0x140_96_1_c_FFFFFF_4955a0c7f69d3080e5ecf234779c6c5f.png\" alt=\"Brilliant BPO\" class=\"gg_photo gg_main_thumb\" \/><noscript><img src=\"https:\/\/inzinc.com\/wp-content\/uploads\/2017\/12\/brilliant_bpo.png\" alt=\"Brilliant BPO\" \/><\/noscript><\/div><\/div><div class=\"gg_overlays\"><div class=\"gg_sec_overlay gg_tl_pos\"><span><\/span><\/div><div class=\"gg_main_overlay\"><span class=\"gg_img_title\">Brilliant BPO<\/span><\/div><\/div><\/div><\/div><div class=\"gg_img \" data-gg-url=\"https:\/\/inzinc.com\/wp-content\/uploads\/2017\/12\/ftf.png\" data-gg-title=\"MMA Store\" data-gg-author=\"Inzinc Media\" data-gg-descr=\"\" data-gg-tags=\"\" data-img-id=\"6\" rel=\"1387\">  <div class=\"gg_img_inner\" style=\"height: 140px;\">  <div class=\"gg_main_img_wrap\"><div class=\"gg_img_wrap_inner\"><img src=\"\" data-gg-lazy-src=\"\/\/inzinc.com\/wp-content\/uploads\/ewpt_cache\/0x140_96_1_c_FFFFFF_171f944c4bb1ce7dcf67b9479df82ba0.png\" alt=\"MMA Store\" class=\"gg_photo gg_main_thumb\" \/><noscript><img src=\"https:\/\/inzinc.com\/wp-content\/uploads\/2017\/12\/ftf.png\" alt=\"MMA Store\" \/><\/noscript><\/div><\/div><div class=\"gg_overlays\"><div class=\"gg_sec_overlay gg_tl_pos\"><span><\/span><\/div><div class=\"gg_main_overlay\"><span class=\"gg_img_title\">MMA Store<\/span><\/div><\/div><\/div><\/div><div class=\"gg_img \" data-gg-url=\"https:\/\/inzinc.com\/wp-content\/uploads\/2017\/12\/2022-08-18_205945.png\" data-gg-title=\"Home Painting\" data-gg-author=\"Home Painting\" data-gg-descr=\"\" data-gg-tags=\"\" data-img-id=\"7\" rel=\"1387\">  <div class=\"gg_img_inner\" style=\"height: 140px;\">  <div class=\"gg_main_img_wrap\"><div class=\"gg_img_wrap_inner\"><img src=\"\" data-gg-lazy-src=\"\/\/inzinc.com\/wp-content\/uploads\/ewpt_cache\/0x140_96_1_c_FFFFFF_113352e1725603295d79d62fc70df79a.png\" alt=\"Home Painting\" class=\"gg_photo gg_main_thumb\" \/><noscript><img src=\"https:\/\/inzinc.com\/wp-content\/uploads\/2017\/12\/2022-08-18_205945.png\" alt=\"Home Painting\" \/><\/noscript><\/div><\/div><div class=\"gg_overlays\"><div class=\"gg_sec_overlay gg_tl_pos\"><span><\/span><\/div><div class=\"gg_main_overlay\"><span class=\"gg_img_title\">Home Painting<\/span><\/div><\/div><\/div><\/div><div class=\"gg_string_clear_both\" style=\"clear: both;\"><\/div><\/div><div class=\"gg_paginate gg_pag_light\" gg-random=\"1\" data-gg-totpages=\"3\"><div class=\"gg_standard_pag gg_only_arr gg_detach_arr\"><div class=\"gg_nav_left gg_prev_page gg_pag_disabled\"><i><\/i><\/div><div class=\"gg_nav_mid\" style=\"display: none;\"><div><span>1<\/span> <font>-<\/font> 3<\/div><\/div><div class=\"gg_nav_right gg_next_page \"><i><\/i><\/div><\/div><\/div><div style=\"clear: both;\"><\/div><\/div><script type=\"text\/javascript\"> (function($) {             \"use strict\";                          if(typeof(gg_pag_vars) == \"undefined\") {                window.gg_pag_vars = {};            }            gg_pag_vars[\"69e4be0e3c6c5\"] = {                per_page: 8,                pagination_sys: \"standard\",                watermark : 0,                random_trail : \"[6,15,11,17,14,3,9,4,5,16,19,13,0,8,12,7,1,2,20,10,18]\",                wp_gall_hash: \"\"            };        })(jQuery);<\/script><script type=\"text\/javascript\">     (function($) {         \"use strict\";              $(document).ready(function($) {             if(typeof(gg_galleries_init) == \"function\") {                gg_galleries_init(\"69e4be0e3c6c5\");             }        });    })(jQuery);<\/script>[\/vc_column][\/vc_row]\n<\/section>","protected":false},"excerpt":{"rendered":"<p>[vc_row padding_top=&#8221;0&#8243;][vc_column width=&#8221;2\/3&#8243;][vc_custom_heading text=&#8221;Conception Site Web Inzinc Notre histoire&#8221; use_theme_fonts=&#8221;yes&#8221;][vc_single_image image=&#8221;11129&#8243; img_size=&#8221;full&#8221; add_caption=&#8221;yes&#8221; alignment=&#8221;center&#8221; onclick=&#8221;custom_link&#8221; link=&#8221;https:\/\/inzinc.com\/contact-us\/&#8221;][vc_column_text]Cela fait plus de trois d\u00e9cennies que nous avons commenc\u00e9 \u00e0 travailler sur des sites web. Vous trouverez ci-dessous un aper\u00e7u de notre travail. Nous avons travaill\u00e9 sur tous les mod\u00e8les d&#8217;entreprise imaginables et avons produit des sites web hautement professionnels avec un investissement minimal. [&hellip;]<\/p>\n","protected":false},"author":1,"featured_media":0,"parent":0,"menu_order":0,"comment_status":"closed","ping_status":"closed","template":"","meta":{"footnotes":""},"yoast_head":"\n<title>Conception Site Web Inzinc Notre histoire<\/title>\n<meta name=\"robots\" content=\"index, follow, max-snippet:-1, max-image-preview:large, max-video-preview:-1\" \/>\n<link rel=\"canonical\" href=\"https:\/\/inzinc.com\/fr\/notre-portfolio\/\" \/>\n<meta property=\"og:locale\" content=\"fr_CA\" \/>\n<meta property=\"og:type\" content=\"article\" \/>\n<meta property=\"og:title\" content=\"Conception Site Web Inzinc Notre histoire\" \/>\n<meta property=\"og:description\" content=\"[vc_row padding_top=&#8221;0&#8243;][vc_column width=&#8221;2\/3&#8243;][vc_custom_heading text=&#8221;Conception Site Web Inzinc Notre histoire&#8221; use_theme_fonts=&#8221;yes&#8221;][vc_single_image image=&#8221;11129&#8243; img_size=&#8221;full&#8221; add_caption=&#8221;yes&#8221; alignment=&#8221;center&#8221; onclick=&#8221;custom_link&#8221; link=&#8221;https:\/\/inzinc.com\/contact-us\/&#8221;][vc_column_text]Cela fait plus de trois d\u00e9cennies que nous avons commenc\u00e9 \u00e0 travailler sur des sites web. Vous trouverez ci-dessous un aper\u00e7u de notre travail. Nous avons travaill\u00e9 sur tous les mod\u00e8les d&#8217;entreprise imaginables et avons produit des sites web hautement professionnels avec un investissement minimal. [&hellip;]\" \/>\n<meta property=\"og:url\" content=\"https:\/\/inzinc.com\/fr\/notre-portfolio\/\" \/>\n<meta property=\"og:site_name\" content=\"Inzinc WordPress Marketing\" \/>\n<meta property=\"article:publisher\" content=\"https:\/\/www.facebook.com\/inzinc\" \/>\n<meta property=\"article:modified_time\" content=\"2022-12-18T04:47:20+00:00\" \/>\n<meta property=\"og:image\" content=\"https:\/\/inzinc.com\/wp-content\/uploads\/2017\/12\/logo_mtl_web_design.png\" \/>\n\t<meta property=\"og:image:width\" content=\"190\" \/>\n\t<meta property=\"og:image:height\" content=\"56\" \/>\n\t<meta property=\"og:image:type\" content=\"image\/png\" \/>\n<meta name=\"twitter:card\" content=\"summary_large_image\" \/>\n<meta name=\"twitter:site\" content=\"@inzincweb\" \/>\n<script type=\"application\/ld+json\" class=\"yoast-schema-graph\">{\"@context\":\"https:\/\/schema.org\",\"@graph\":[{\"@type\":\"WebPage\",\"@id\":\"https:\/\/inzinc.com\/fr\/notre-portfolio\/\",\"url\":\"https:\/\/inzinc.com\/fr\/notre-portfolio\/\",\"name\":\"Conception Site Web Inzinc Notre histoire\",\"isPartOf\":{\"@id\":\"https:\/\/inzinc.com\/fr\/#website\"},\"datePublished\":\"2021-12-30T02:05:04+00:00\",\"dateModified\":\"2022-12-18T04:47:20+00:00\",\"breadcrumb\":{\"@id\":\"https:\/\/inzinc.com\/fr\/notre-portfolio\/#breadcrumb\"},\"inLanguage\":\"fr-CA\",\"potentialAction\":[{\"@type\":\"ReadAction\",\"target\":[\"https:\/\/inzinc.com\/fr\/notre-portfolio\/\"]}]},{\"@type\":\"BreadcrumbList\",\"@id\":\"https:\/\/inzinc.com\/fr\/notre-portfolio\/#breadcrumb\",\"itemListElement\":[{\"@type\":\"ListItem\",\"position\":1,\"name\":\"Home\",\"item\":\"https:\/\/inzinc.com\/fr\/\"},{\"@type\":\"ListItem\",\"position\":2,\"name\":\"Conception Site Web Inzinc Notre histoire\"}]},{\"@type\":\"WebSite\",\"@id\":\"https:\/\/inzinc.com\/fr\/#website\",\"url\":\"https:\/\/inzinc.com\/fr\/\",\"name\":\"Inzinc WordPress Marketing\",\"description\":\"Over 30 years in WordPress website development\",\"publisher\":{\"@id\":\"https:\/\/inzinc.com\/fr\/#organization\"},\"potentialAction\":[{\"@type\":\"SearchAction\",\"target\":{\"@type\":\"EntryPoint\",\"urlTemplate\":\"https:\/\/inzinc.com\/fr\/?s={search_term_string}\"},\"query-input\":\"required name=search_term_string\"}],\"inLanguage\":\"fr-CA\"},{\"@type\":[\"Organization\",\"Place\",\"LocalBusiness\"],\"@id\":\"https:\/\/inzinc.com\/fr\/#organization\",\"name\":\"Inzinc WordPress Marketing\",\"url\":\"https:\/\/inzinc.com\/fr\/\",\"logo\":{\"@id\":\"https:\/\/inzinc.com\/fr\/notre-portfolio\/#local-main-organization-logo\"},\"image\":{\"@id\":\"https:\/\/inzinc.com\/fr\/notre-portfolio\/#local-main-organization-logo\"},\"sameAs\":[\"http:\/\/www.youtube.com\/montrealjoomla\",\"https:\/\/www.facebook.com\/inzinc\",\"https:\/\/twitter.com\/inzincweb\"],\"address\":{\"@id\":\"https:\/\/inzinc.com\/fr\/notre-portfolio\/#local-main-place-address\"},\"geo\":{\"@type\":\"GeoCoordinates\",\"latitude\":\"45.56803902876817\",\"longitude\":\"-73.62276167298555\"},\"telephone\":[\"15144898794\"],\"openingHoursSpecification\":[{\"@type\":\"OpeningHoursSpecification\",\"dayOfWeek\":[\"Monday\",\"Tuesday\",\"Wednesday\",\"Thursday\",\"Friday\"],\"opens\":\"09:00\",\"closes\":\"21:00\"},{\"@type\":\"OpeningHoursSpecification\",\"dayOfWeek\":[\"Saturday\",\"Sunday\"],\"opens\":\"12:00\",\"closes\":\"18:00\"}],\"email\":\"mike@inzinc.com\",\"areaServed\":\"Montreal,Laval,North America,United States\",\"priceRange\":\"$$$$\",\"currenciesAccepted\":\"CAD,USD\",\"paymentAccepted\":\"Check,Cash,Visa,MasterCard,Paypal\"},{\"@type\":\"PostalAddress\",\"@id\":\"https:\/\/inzinc.com\/fr\/notre-portfolio\/#local-main-place-address\",\"streetAddress\":\"8730 9th avenue\",\"addressLocality\":\"Montreal\",\"postalCode\":\"H1Z3A2\",\"addressRegion\":\"Quebec\",\"addressCountry\":\"CA\"},{\"@type\":\"ImageObject\",\"inLanguage\":\"fr-CA\",\"@id\":\"https:\/\/inzinc.com\/fr\/notre-portfolio\/#local-main-organization-logo\",\"url\":\"https:\/\/inzinc.com\/wp-content\/uploads\/2017\/12\/wordpress_marketing_montreal4-e1665276622252.png\",\"contentUrl\":\"https:\/\/inzinc.com\/wp-content\/uploads\/2017\/12\/wordpress_marketing_montreal4-e1665276622252.png\",\"width\":200,\"height\":56,\"caption\":\"Inzinc WordPress Marketing\"}]}<\/script>\n<meta name=\"geo.placename\" content=\"Montreal\" \/>\n<meta name=\"geo.position\" content=\"45.56803902876817;-73.62276167298555\" \/>\n<meta name=\"geo.region\" content=\"Canada\" \/>\n","yoast_head_json":{"title":"Conception Site Web Inzinc Notre histoire","robots":{"index":"index","follow":"follow","max-snippet":"max-snippet:-1","max-image-preview":"max-image-preview:large","max-video-preview":"max-video-preview:-1"},"canonical":"https:\/\/inzinc.com\/fr\/notre-portfolio\/","og_locale":"fr_CA","og_type":"article","og_title":"Conception Site Web Inzinc Notre histoire","og_description":"[vc_row padding_top=&#8221;0&#8243;][vc_column width=&#8221;2\/3&#8243;][vc_custom_heading text=&#8221;Conception Site Web Inzinc Notre histoire&#8221; use_theme_fonts=&#8221;yes&#8221;][vc_single_image image=&#8221;11129&#8243; img_size=&#8221;full&#8221; add_caption=&#8221;yes&#8221; alignment=&#8221;center&#8221; onclick=&#8221;custom_link&#8221; link=&#8221;https:\/\/inzinc.com\/contact-us\/&#8221;][vc_column_text]Cela fait plus de trois d\u00e9cennies que nous avons commenc\u00e9 \u00e0 travailler sur des sites web. Vous trouverez ci-dessous un aper\u00e7u de notre travail. Nous avons travaill\u00e9 sur tous les mod\u00e8les d&#8217;entreprise imaginables et avons produit des sites web hautement professionnels avec un investissement minimal. [&hellip;]","og_url":"https:\/\/inzinc.com\/fr\/notre-portfolio\/","og_site_name":"Inzinc WordPress Marketing","article_publisher":"https:\/\/www.facebook.com\/inzinc","article_modified_time":"2022-12-18T04:47:20+00:00","og_image":[{"width":190,"height":56,"url":"https:\/\/inzinc.com\/wp-content\/uploads\/2017\/12\/logo_mtl_web_design.png","type":"image\/png"}],"twitter_card":"summary_large_image","twitter_site":"@inzincweb","schema":{"@context":"https:\/\/schema.org","@graph":[{"@type":"WebPage","@id":"https:\/\/inzinc.com\/fr\/notre-portfolio\/","url":"https:\/\/inzinc.com\/fr\/notre-portfolio\/","name":"Conception Site Web Inzinc Notre histoire","isPartOf":{"@id":"https:\/\/inzinc.com\/fr\/#website"},"datePublished":"2021-12-30T02:05:04+00:00","dateModified":"2022-12-18T04:47:20+00:00","breadcrumb":{"@id":"https:\/\/inzinc.com\/fr\/notre-portfolio\/#breadcrumb"},"inLanguage":"fr-CA","potentialAction":[{"@type":"ReadAction","target":["https:\/\/inzinc.com\/fr\/notre-portfolio\/"]}]},{"@type":"BreadcrumbList","@id":"https:\/\/inzinc.com\/fr\/notre-portfolio\/#breadcrumb","itemListElement":[{"@type":"ListItem","position":1,"name":"Home","item":"https:\/\/inzinc.com\/fr\/"},{"@type":"ListItem","position":2,"name":"Conception Site Web Inzinc Notre histoire"}]},{"@type":"WebSite","@id":"https:\/\/inzinc.com\/fr\/#website","url":"https:\/\/inzinc.com\/fr\/","name":"Inzinc WordPress Marketing","description":"Over 30 years in WordPress website development","publisher":{"@id":"https:\/\/inzinc.com\/fr\/#organization"},"potentialAction":[{"@type":"SearchAction","target":{"@type":"EntryPoint","urlTemplate":"https:\/\/inzinc.com\/fr\/?s={search_term_string}"},"query-input":"required name=search_term_string"}],"inLanguage":"fr-CA"},{"@type":["Organization","Place","LocalBusiness"],"@id":"https:\/\/inzinc.com\/fr\/#organization","name":"Inzinc WordPress Marketing","url":"https:\/\/inzinc.com\/fr\/","logo":{"@id":"https:\/\/inzinc.com\/fr\/notre-portfolio\/#local-main-organization-logo"},"image":{"@id":"https:\/\/inzinc.com\/fr\/notre-portfolio\/#local-main-organization-logo"},"sameAs":["http:\/\/www.youtube.com\/montrealjoomla","https:\/\/www.facebook.com\/inzinc","https:\/\/twitter.com\/inzincweb"],"address":{"@id":"https:\/\/inzinc.com\/fr\/notre-portfolio\/#local-main-place-address"},"geo":{"@type":"GeoCoordinates","latitude":"45.56803902876817","longitude":"-73.62276167298555"},"telephone":["15144898794","15144898794"],"openingHoursSpecification":[{"@type":"OpeningHoursSpecification","dayOfWeek":["Monday","Tuesday","Wednesday","Thursday","Friday"],"opens":"09:00","closes":"21:00"},{"@type":"OpeningHoursSpecification","dayOfWeek":["Saturday","Sunday"],"opens":"12:00","closes":"18:00"}],"email":"mike@inzinc.com","areaServed":"Montreal,Laval,North America,United States","priceRange":"$$$$","currenciesAccepted":"CAD,USD","paymentAccepted":"Check,Cash,Visa,MasterCard,Paypal"},{"@type":"PostalAddress","@id":"https:\/\/inzinc.com\/fr\/notre-portfolio\/#local-main-place-address","streetAddress":"8730 9th avenue","addressLocality":"Montreal","postalCode":"H1Z3A2","addressRegion":"Quebec","addressCountry":"CA"},{"@type":"ImageObject","inLanguage":"fr-CA","@id":"https:\/\/inzinc.com\/fr\/notre-portfolio\/#local-main-organization-logo","url":"https:\/\/inzinc.com\/wp-content\/uploads\/2017\/12\/wordpress_marketing_montreal4-e1665276622252.png","contentUrl":"https:\/\/inzinc.com\/wp-content\/uploads\/2017\/12\/wordpress_marketing_montreal4-e1665276622252.png","width":200,"height":56,"caption":"Inzinc WordPress Marketing"}]},"geo.placename":"Montreal","geo.position":{"lat":"45.56803902876817","long":"-73.62276167298555"},"geo.region":"Canada"},"_links":{"self":[{"href":"https:\/\/inzinc.com\/fr\/wp-json\/wp\/v2\/pages\/11265"}],"collection":[{"href":"https:\/\/inzinc.com\/fr\/wp-json\/wp\/v2\/pages"}],"about":[{"href":"https:\/\/inzinc.com\/fr\/wp-json\/wp\/v2\/types\/page"}],"author":[{"embeddable":true,"href":"https:\/\/inzinc.com\/fr\/wp-json\/wp\/v2\/users\/1"}],"replies":[{"embeddable":true,"href":"https:\/\/inzinc.com\/fr\/wp-json\/wp\/v2\/comments?post=11265"}],"version-history":[{"count":0,"href":"https:\/\/inzinc.com\/fr\/wp-json\/wp\/v2\/pages\/11265\/revisions"}],"wp:attachment":[{"href":"https:\/\/inzinc.com\/fr\/wp-json\/wp\/v2\/media?parent=11265"}],"curies":[{"name":"wp","href":"https:\/\/api.w.org\/{rel}","templated":true}]}}