{"id":11263,"date":"2021-12-30T01:48:39","date_gmt":"2021-12-30T01:48:39","guid":{"rendered":"https:\/\/inzinc.com\/politique-de-confidentialite-dinzinc\/"},"modified":"2021-12-30T01:48:39","modified_gmt":"2021-12-30T01:48:39","slug":"politique-de-confidentialite-dinzinc","status":"publish","type":"page","link":"https:\/\/inzinc.com\/fr\/politique-de-confidentialite-dinzinc\/","title":{"rendered":"Politique de confidentialit\u00e9 d&#8217;Inzinc"},"content":{"rendered":"<p>Inzinc Montreal Web Design (&#8220;nous&#8221;, &#8220;notre&#8221;, &#8220;nos&#8221;) prend la confidentialit\u00e9 de ses utilisateurs (&#8220;utilisateur&#8221;, &#8220;vous&#8221;, &#8220;votre&#8221;) au s\u00e9rieux. La pr\u00e9sente politique de confidentialit\u00e9 a pour but de vous informer des informations que nous recueillons par le biais de notre application Facebook et\/ou de notre page de fans.<\/p>\n<p>Nous recueillons des informations conform\u00e9ment \u00e0 la pr\u00e9sente politique de confidentialit\u00e9, et celle-ci ne s&#8217;applique qu&#8217;\u00e0 nos pratiques de collecte d&#8217;informations sur Facebook. Nous avons l&#8217;intention de nous conformer aux exigences d\u00e9finies par Facebook en ce qui concerne les d\u00e9veloppeurs, comme indiqu\u00e9 ici https:\/\/developers.facebook.com\/policy\/ .<\/p>\n<p>Comme l&#8217;exige la politique de confidentialit\u00e9 de Facebook, nous devons vous informer que nous ne vendons pas vos donn\u00e9es, mais que si nous sommes acquis ou fusionn\u00e9s, nous pouvons transf\u00e9rer ces donn\u00e9es. En outre, vous pouvez demander la suppression de vos donn\u00e9es \u00e0 tout moment en nous contactant par e-mail, mais nous vous demandons de nous accorder un d\u00e9lai raisonnable pour r\u00e9pondre \u00e0 cette demande une fois qu&#8217;elle est faite.<\/p>\n<p>En utilisant notre application et\/ou notre page, vous acceptez de nous accorder le droit d&#8217;utiliser, de copier, d&#8217;afficher, de distribuer, de livrer, de restituer et d&#8217;ex\u00e9cuter publiquement tout contenu que vous nous fournissez. L&#8217;utilisation de notre application et\/ou de notre page est \u00e9galement interdite dans certains pays, notamment ceux qui ont bloqu\u00e9 l&#8217;utilisation de Facebook ou dans lesquels votre utilisation ou notre contenu serait interdit.<\/p>\n<p>Type d&#8217;informations que nous recueillons automatiquement aupr\u00e8s des utilisateurs :<\/p>\n<p>Les informations que nous recueillons d\u00e9pendent des informations que vous autorisez les autres \u00e0 voir sur votre profil Facebook. Toutefois, nous recueillons au moins les informations suivantes vous concernant :<\/p>\n<p>Nom<br \/>\nCourriel<br \/>\nSexe<br \/>\nDate d&#8217;anniversaire<br \/>\nVille actuelle<br \/>\nVotre photo de profil<br \/>\nAdresse IP<br \/>\nType de navigateur<br \/>\nInteractions avec notre application ou notre page Facebook<br \/>\nType d&#8217;informations que nous pourrions recueillir si vous nous avez autoris\u00e9s \u00e0 le faire :<\/p>\n<p>Comme nous l&#8217;avons dit pr\u00e9c\u00e9demment, nous pouvons collecter davantage d&#8217;informations selon que vous nous avez autoris\u00e9s \u00e0 les collecter en fonction de vos param\u00e8tres d&#8217;utilisateur. Cela comprend :<\/p>\n<p>R\u00e9seaux<br \/>\nListe d&#8217;amis<br \/>\nPages<br \/>\nInt\u00e9r\u00eats<br \/>\nInformations sur la fa\u00e7on dont vous interagissez avec vos amis<br \/>\nInformations sur le profil<br \/>\nMessages que vous avez &#8220;aim\u00e9s&#8221;.<br \/>\nInformations sur les contacts<br \/>\nMises \u00e0 jour du statut<br \/>\nCalendrier des \u00e9v\u00e9nements<br \/>\nSi vous \u00eates en ligne ou non<br \/>\nles &#8220;check-in&#8221; et les amis qui vous ont fait un check-in<br \/>\nles publications ou les photos dans lesquelles vous \u00eates tagu\u00e9<br \/>\nComment nous utilisons vos informations :<br \/>\nNous utilisons les donn\u00e9es que nous recevons par le biais de l&#8217;API de Facebook pour am\u00e9liorer votre exp\u00e9rience avec nous.<br \/>\nAnalyser et d\u00e9velopper de nouveaux produits<br \/>\nNous pouvons utiliser votre identifiant Facebook pour certains services qui utilisent notre application, mais uniquement dans la mesure o\u00f9 cela est n\u00e9cessaire au fonctionnement de notre application.<br \/>\npour vous permettre d&#8217;utiliser les fonctionnalit\u00e9s de notre application<br \/>\npour publier sur votre mur des informations concernant votre utilisation de notre application<br \/>\npour vous permettre d&#8217;interagir avec d&#8217;autres personnes qui utilisent notre application ou notre page<br \/>\npromouvoir notre application ; toutefois, toute information sp\u00e9cifique vous concernant sera pr\u00e9sent\u00e9e sous une forme agr\u00e9g\u00e9e et anonyme, et toute information permettant de vous identifier sera supprim\u00e9e<br \/>\npour communiquer avec vous sur les nouvelles fonctionnalit\u00e9s<br \/>\npour vous informer des modifications apport\u00e9es \u00e0 notre prix ou \u00e0 notre site.<br \/>\nV\u00e9rifier votre identit\u00e9<br \/>\nAvec qui partageons-nous vos informations ?<\/p>\n<p>Partenaires d&#8217;application et fournisseurs de services tiers : Nous pouvons partager vos informations avec des tiers avec lesquels nous avons \u00e9tabli un partenariat sp\u00e9cifique pour notre application et\/ou notre page de fans. En outre, nous pouvons engager des soci\u00e9t\u00e9s ext\u00e9rieures ou des tiers pour nous aider \u00e0 g\u00e9rer, cr\u00e9er ou maintenir notre Application et\/ou notre Page de fans. Ces parties sont contractuellement tenues de garder vos informations confidentielles, et elles n&#8217;auront acc\u00e8s qu&#8217;aux informations n\u00e9cessaires \u00e0 l&#8217;ex\u00e9cution de leur travail.<\/p>\n<p>Autres utilisateurs : Si vous nous avez donn\u00e9 la permission, et si l&#8217;une des fonctions de notre Application et\/ou de notre Page de fans est de vous permettre d&#8217;interagir avec d&#8217;autres personnes, vous allez nous donner la possibilit\u00e9 de partager certaines informations avec d&#8217;autres utilisateurs. Toutefois, nous ne partageons ces informations que si vous nous y avez autoris\u00e9s et si Facebook le permet. Nous pouvons \u00e9galement analyser la mani\u00e8re dont vous interagissez avec d&#8217;autres utilisateurs, puis regrouper ces informations, sous une forme anonyme, pour nous permettre de voir comment vous utilisez notre application et\/ou notre page.<\/p>\n<p>Utilisations l\u00e9gales : Nous pouvons divulguer vos informations si cela est exig\u00e9 par une citation \u00e0 compara\u00eetre, par toute proc\u00e9dure judiciaire, pour nous conformer \u00e0 toute loi ou r\u00e9glementation, ou \u00e0 la demande de tout organisme d&#8217;application de la loi. Nous pouvons \u00e9galement divulguer vos informations si nous pensons raisonnablement qu&#8217;il est n\u00e9cessaire d&#8217;emp\u00eacher tout dommage, blessure ou perte, de quelque mani\u00e8re que ce soit, pour nous ou un tiers.<\/p>\n<p>Acquisition ou fusion d&#8217;entreprises : si nous sommes acquis ou si nous vendons notre entreprise, nous pouvons transf\u00e9rer vos informations. Vous pouvez nous contacter dans ce cas si vous avez des inqui\u00e9tudes concernant le transfert de vos donn\u00e9es.<\/p>\n<p>Contr\u00f4le de vos donn\u00e9es<\/p>\n<p>Vous pouvez nous demander de supprimer toute donn\u00e9e vous concernant \u00e0 tout moment. Toutefois, si vous ne le faites pas, nous pouvons conserver vos donn\u00e9es jusqu&#8217;\u00e0 ce que vous nous demandiez de les supprimer, m\u00eame si nous interrompons l&#8217;application et\/ou la page. Vous pouvez \u00e9galement nous emp\u00eacher de collecter des informations vous concernant si vous d\u00e9sinstallez notre Application ou si vous vous retirez de notre Page ou si votre compte est supprim\u00e9. Nous pouvons vous donner la possibilit\u00e9 d&#8217;examiner, de corriger ou de supprimer vos informations.<\/p>\n<p>Autres divulgations et assurances<\/p>\n<p>Nous ne vendons pas, ne transf\u00e9rons pas et ne donnons pas d&#8217;informations sur votre utilisation de Facebook \u00e0 des tiers, sauf si cela est autoris\u00e9 dans le pr\u00e9sent contrat.<\/p>\n<p>Nous utilisons des garanties et des protections raisonnables pour prot\u00e9ger vos donn\u00e9es. Nous pouvons avoir des serveurs situ\u00e9s dans diff\u00e9rentes juridictions ; vous consentez donc au transfert de ces informations de votre r\u00e9sidence \u00e0 nos serveurs.<\/p>\n<p>Nous n&#8217;autorisons pas les utilisateurs de moins de 13 ans \u00e0 utiliser notre application ou notre page de fans et nous supprimerons toute personne que nous soup\u00e7onnons d&#8217;\u00eatre mineure.<\/p>\n<p>Nous pouvons mettre \u00e0 jour cette politique de confidentialit\u00e9 si n\u00e9cessaire. Dans ce cas, nous publierons sur ce site une notification des modifications apport\u00e9es et de la date de la derni\u00e8re mise \u00e0 jour de cette politique.<\/p>\n<p>&nbsp;<\/p>\n<p>&nbsp;<\/p>\n","protected":false},"excerpt":{"rendered":"<p>Inzinc Montreal Web Design (&#8220;nous&#8221;, &#8220;notre&#8221;, &#8220;nos&#8221;) prend la confidentialit\u00e9 de ses utilisateurs (&#8220;utilisateur&#8221;, &#8220;vous&#8221;, &#8220;votre&#8221;) au s\u00e9rieux. La pr\u00e9sente politique de confidentialit\u00e9 a pour but de vous informer des informations que nous recueillons par le biais de notre application Facebook et\/ou de notre page de fans. Nous recueillons des informations conform\u00e9ment \u00e0 la pr\u00e9sente politique de confidentialit\u00e9, et celle-ci [&hellip;]<\/p>\n","protected":false},"author":1,"featured_media":0,"parent":0,"menu_order":0,"comment_status":"closed","ping_status":"closed","template":"","meta":{"footnotes":""},"yoast_head":"\n<title>Politique de confidentialit\u00e9 d&#039;Inzinc<\/title>\n<meta name=\"robots\" content=\"index, follow, max-snippet:-1, max-image-preview:large, max-video-preview:-1\" \/>\n<link rel=\"canonical\" href=\"https:\/\/inzinc.com\/fr\/politique-de-confidentialite-dinzinc\/\" \/>\n<meta property=\"og:locale\" content=\"fr_CA\" \/>\n<meta property=\"og:type\" content=\"article\" \/>\n<meta property=\"og:title\" content=\"Politique de confidentialit\u00e9 d&#039;Inzinc\" \/>\n<meta property=\"og:description\" content=\"Inzinc Montreal Web Design (&#8220;nous&#8221;, &#8220;notre&#8221;, &#8220;nos&#8221;) prend la confidentialit\u00e9 de ses utilisateurs (&#8220;utilisateur&#8221;, &#8220;vous&#8221;, &#8220;votre&#8221;) au s\u00e9rieux. La pr\u00e9sente politique de confidentialit\u00e9 a pour but de vous informer des informations que nous recueillons par le biais de notre application Facebook et\/ou de notre page de fans. Nous recueillons des informations conform\u00e9ment \u00e0 la pr\u00e9sente politique de confidentialit\u00e9, et celle-ci [&hellip;]\" \/>\n<meta property=\"og:url\" content=\"https:\/\/inzinc.com\/fr\/politique-de-confidentialite-dinzinc\/\" \/>\n<meta property=\"og:site_name\" content=\"Inzinc WordPress Marketing\" \/>\n<meta property=\"article:publisher\" content=\"https:\/\/www.facebook.com\/inzinc\" \/>\n<meta property=\"og:image\" content=\"https:\/\/inzinc.com\/wp-content\/uploads\/2017\/12\/logo_mtl_web_design.png\" \/>\n\t<meta property=\"og:image:width\" content=\"190\" \/>\n\t<meta property=\"og:image:height\" content=\"56\" \/>\n\t<meta property=\"og:image:type\" content=\"image\/png\" \/>\n<meta name=\"twitter:card\" content=\"summary_large_image\" \/>\n<meta name=\"twitter:site\" content=\"@inzincweb\" \/>\n<script type=\"application\/ld+json\" class=\"yoast-schema-graph\">{\"@context\":\"https:\/\/schema.org\",\"@graph\":[{\"@type\":\"WebPage\",\"@id\":\"https:\/\/inzinc.com\/fr\/politique-de-confidentialite-dinzinc\/\",\"url\":\"https:\/\/inzinc.com\/fr\/politique-de-confidentialite-dinzinc\/\",\"name\":\"Politique de confidentialit\u00e9 d'Inzinc\",\"isPartOf\":{\"@id\":\"https:\/\/inzinc.com\/fr\/#website\"},\"datePublished\":\"2021-12-30T01:48:39+00:00\",\"dateModified\":\"2021-12-30T01:48:39+00:00\",\"breadcrumb\":{\"@id\":\"https:\/\/inzinc.com\/fr\/politique-de-confidentialite-dinzinc\/#breadcrumb\"},\"inLanguage\":\"fr-CA\",\"potentialAction\":[{\"@type\":\"ReadAction\",\"target\":[\"https:\/\/inzinc.com\/fr\/politique-de-confidentialite-dinzinc\/\"]}]},{\"@type\":\"BreadcrumbList\",\"@id\":\"https:\/\/inzinc.com\/fr\/politique-de-confidentialite-dinzinc\/#breadcrumb\",\"itemListElement\":[{\"@type\":\"ListItem\",\"position\":1,\"name\":\"Home\",\"item\":\"https:\/\/inzinc.com\/fr\/\"},{\"@type\":\"ListItem\",\"position\":2,\"name\":\"Politique de confidentialit\u00e9 d&#8217;Inzinc\"}]},{\"@type\":\"WebSite\",\"@id\":\"https:\/\/inzinc.com\/fr\/#website\",\"url\":\"https:\/\/inzinc.com\/fr\/\",\"name\":\"Inzinc WordPress Marketing\",\"description\":\"Over 30 years in WordPress website development\",\"publisher\":{\"@id\":\"https:\/\/inzinc.com\/fr\/#organization\"},\"potentialAction\":[{\"@type\":\"SearchAction\",\"target\":{\"@type\":\"EntryPoint\",\"urlTemplate\":\"https:\/\/inzinc.com\/fr\/?s={search_term_string}\"},\"query-input\":\"required name=search_term_string\"}],\"inLanguage\":\"fr-CA\"},{\"@type\":[\"Organization\",\"Place\",\"LocalBusiness\"],\"@id\":\"https:\/\/inzinc.com\/fr\/#organization\",\"name\":\"Inzinc WordPress Marketing\",\"url\":\"https:\/\/inzinc.com\/fr\/\",\"logo\":{\"@id\":\"https:\/\/inzinc.com\/fr\/politique-de-confidentialite-dinzinc\/#local-main-organization-logo\"},\"image\":{\"@id\":\"https:\/\/inzinc.com\/fr\/politique-de-confidentialite-dinzinc\/#local-main-organization-logo\"},\"sameAs\":[\"http:\/\/www.youtube.com\/montrealjoomla\",\"https:\/\/www.facebook.com\/inzinc\",\"https:\/\/twitter.com\/inzincweb\"],\"address\":{\"@id\":\"https:\/\/inzinc.com\/fr\/politique-de-confidentialite-dinzinc\/#local-main-place-address\"},\"geo\":{\"@type\":\"GeoCoordinates\",\"latitude\":\"45.56803902876817\",\"longitude\":\"-73.62276167298555\"},\"telephone\":[\"15144898794\"],\"openingHoursSpecification\":[{\"@type\":\"OpeningHoursSpecification\",\"dayOfWeek\":[\"Monday\",\"Tuesday\",\"Wednesday\",\"Thursday\",\"Friday\"],\"opens\":\"09:00\",\"closes\":\"21:00\"},{\"@type\":\"OpeningHoursSpecification\",\"dayOfWeek\":[\"Saturday\",\"Sunday\"],\"opens\":\"12:00\",\"closes\":\"18:00\"}],\"email\":\"mike@inzinc.com\",\"areaServed\":\"Montreal,Laval,North America,United States\",\"priceRange\":\"$$$$\",\"currenciesAccepted\":\"CAD,USD\",\"paymentAccepted\":\"Check,Cash,Visa,MasterCard,Paypal\"},{\"@type\":\"PostalAddress\",\"@id\":\"https:\/\/inzinc.com\/fr\/politique-de-confidentialite-dinzinc\/#local-main-place-address\",\"streetAddress\":\"8730 9th avenue\",\"addressLocality\":\"Montreal\",\"postalCode\":\"H1Z3A2\",\"addressRegion\":\"Quebec\",\"addressCountry\":\"CA\"},{\"@type\":\"ImageObject\",\"inLanguage\":\"fr-CA\",\"@id\":\"https:\/\/inzinc.com\/fr\/politique-de-confidentialite-dinzinc\/#local-main-organization-logo\",\"url\":\"https:\/\/inzinc.com\/wp-content\/uploads\/2017\/12\/wordpress_marketing_montreal4-e1665276622252.png\",\"contentUrl\":\"https:\/\/inzinc.com\/wp-content\/uploads\/2017\/12\/wordpress_marketing_montreal4-e1665276622252.png\",\"width\":200,\"height\":56,\"caption\":\"Inzinc WordPress Marketing\"}]}<\/script>\n<meta name=\"geo.placename\" content=\"Montreal\" \/>\n<meta name=\"geo.position\" content=\"45.56803902876817;-73.62276167298555\" \/>\n<meta name=\"geo.region\" content=\"Canada\" \/>\n","yoast_head_json":{"title":"Politique de confidentialit\u00e9 d'Inzinc","robots":{"index":"index","follow":"follow","max-snippet":"max-snippet:-1","max-image-preview":"max-image-preview:large","max-video-preview":"max-video-preview:-1"},"canonical":"https:\/\/inzinc.com\/fr\/politique-de-confidentialite-dinzinc\/","og_locale":"fr_CA","og_type":"article","og_title":"Politique de confidentialit\u00e9 d'Inzinc","og_description":"Inzinc Montreal Web Design (&#8220;nous&#8221;, &#8220;notre&#8221;, &#8220;nos&#8221;) prend la confidentialit\u00e9 de ses utilisateurs (&#8220;utilisateur&#8221;, &#8220;vous&#8221;, &#8220;votre&#8221;) au s\u00e9rieux. La pr\u00e9sente politique de confidentialit\u00e9 a pour but de vous informer des informations que nous recueillons par le biais de notre application Facebook et\/ou de notre page de fans. Nous recueillons des informations conform\u00e9ment \u00e0 la pr\u00e9sente politique de confidentialit\u00e9, et celle-ci [&hellip;]","og_url":"https:\/\/inzinc.com\/fr\/politique-de-confidentialite-dinzinc\/","og_site_name":"Inzinc WordPress Marketing","article_publisher":"https:\/\/www.facebook.com\/inzinc","og_image":[{"width":190,"height":56,"url":"https:\/\/inzinc.com\/wp-content\/uploads\/2017\/12\/logo_mtl_web_design.png","type":"image\/png"}],"twitter_card":"summary_large_image","twitter_site":"@inzincweb","schema":{"@context":"https:\/\/schema.org","@graph":[{"@type":"WebPage","@id":"https:\/\/inzinc.com\/fr\/politique-de-confidentialite-dinzinc\/","url":"https:\/\/inzinc.com\/fr\/politique-de-confidentialite-dinzinc\/","name":"Politique de confidentialit\u00e9 d'Inzinc","isPartOf":{"@id":"https:\/\/inzinc.com\/fr\/#website"},"datePublished":"2021-12-30T01:48:39+00:00","dateModified":"2021-12-30T01:48:39+00:00","breadcrumb":{"@id":"https:\/\/inzinc.com\/fr\/politique-de-confidentialite-dinzinc\/#breadcrumb"},"inLanguage":"fr-CA","potentialAction":[{"@type":"ReadAction","target":["https:\/\/inzinc.com\/fr\/politique-de-confidentialite-dinzinc\/"]}]},{"@type":"BreadcrumbList","@id":"https:\/\/inzinc.com\/fr\/politique-de-confidentialite-dinzinc\/#breadcrumb","itemListElement":[{"@type":"ListItem","position":1,"name":"Home","item":"https:\/\/inzinc.com\/fr\/"},{"@type":"ListItem","position":2,"name":"Politique de confidentialit\u00e9 d&#8217;Inzinc"}]},{"@type":"WebSite","@id":"https:\/\/inzinc.com\/fr\/#website","url":"https:\/\/inzinc.com\/fr\/","name":"Inzinc WordPress Marketing","description":"Over 30 years in WordPress website development","publisher":{"@id":"https:\/\/inzinc.com\/fr\/#organization"},"potentialAction":[{"@type":"SearchAction","target":{"@type":"EntryPoint","urlTemplate":"https:\/\/inzinc.com\/fr\/?s={search_term_string}"},"query-input":"required name=search_term_string"}],"inLanguage":"fr-CA"},{"@type":["Organization","Place","LocalBusiness"],"@id":"https:\/\/inzinc.com\/fr\/#organization","name":"Inzinc WordPress Marketing","url":"https:\/\/inzinc.com\/fr\/","logo":{"@id":"https:\/\/inzinc.com\/fr\/politique-de-confidentialite-dinzinc\/#local-main-organization-logo"},"image":{"@id":"https:\/\/inzinc.com\/fr\/politique-de-confidentialite-dinzinc\/#local-main-organization-logo"},"sameAs":["http:\/\/www.youtube.com\/montrealjoomla","https:\/\/www.facebook.com\/inzinc","https:\/\/twitter.com\/inzincweb"],"address":{"@id":"https:\/\/inzinc.com\/fr\/politique-de-confidentialite-dinzinc\/#local-main-place-address"},"geo":{"@type":"GeoCoordinates","latitude":"45.56803902876817","longitude":"-73.62276167298555"},"telephone":["15144898794","15144898794"],"openingHoursSpecification":[{"@type":"OpeningHoursSpecification","dayOfWeek":["Monday","Tuesday","Wednesday","Thursday","Friday"],"opens":"09:00","closes":"21:00"},{"@type":"OpeningHoursSpecification","dayOfWeek":["Saturday","Sunday"],"opens":"12:00","closes":"18:00"}],"email":"mike@inzinc.com","areaServed":"Montreal,Laval,North America,United States","priceRange":"$$$$","currenciesAccepted":"CAD,USD","paymentAccepted":"Check,Cash,Visa,MasterCard,Paypal"},{"@type":"PostalAddress","@id":"https:\/\/inzinc.com\/fr\/politique-de-confidentialite-dinzinc\/#local-main-place-address","streetAddress":"8730 9th avenue","addressLocality":"Montreal","postalCode":"H1Z3A2","addressRegion":"Quebec","addressCountry":"CA"},{"@type":"ImageObject","inLanguage":"fr-CA","@id":"https:\/\/inzinc.com\/fr\/politique-de-confidentialite-dinzinc\/#local-main-organization-logo","url":"https:\/\/inzinc.com\/wp-content\/uploads\/2017\/12\/wordpress_marketing_montreal4-e1665276622252.png","contentUrl":"https:\/\/inzinc.com\/wp-content\/uploads\/2017\/12\/wordpress_marketing_montreal4-e1665276622252.png","width":200,"height":56,"caption":"Inzinc WordPress Marketing"}]},"geo.placename":"Montreal","geo.position":{"lat":"45.56803902876817","long":"-73.62276167298555"},"geo.region":"Canada"},"_links":{"self":[{"href":"https:\/\/inzinc.com\/fr\/wp-json\/wp\/v2\/pages\/11263"}],"collection":[{"href":"https:\/\/inzinc.com\/fr\/wp-json\/wp\/v2\/pages"}],"about":[{"href":"https:\/\/inzinc.com\/fr\/wp-json\/wp\/v2\/types\/page"}],"author":[{"embeddable":true,"href":"https:\/\/inzinc.com\/fr\/wp-json\/wp\/v2\/users\/1"}],"replies":[{"embeddable":true,"href":"https:\/\/inzinc.com\/fr\/wp-json\/wp\/v2\/comments?post=11263"}],"version-history":[{"count":0,"href":"https:\/\/inzinc.com\/fr\/wp-json\/wp\/v2\/pages\/11263\/revisions"}],"wp:attachment":[{"href":"https:\/\/inzinc.com\/fr\/wp-json\/wp\/v2\/media?parent=11263"}],"curies":[{"name":"wp","href":"https:\/\/api.w.org\/{rel}","templated":true}]}}