{"id":11259,"date":"2021-12-30T01:41:48","date_gmt":"2021-12-30T01:41:48","guid":{"rendered":"https:\/\/inzinc.com\/nouvelles-sur-word-press-et-joomla\/"},"modified":"2022-10-23T00:26:28","modified_gmt":"2022-10-23T00:26:28","slug":"nouvelles-sur-word-press-et-joomla","status":"publish","type":"page","link":"https:\/\/inzinc.com\/fr\/nouvelles-sur-word-press-et-joomla\/","title":{"rendered":"Nouvelles sur Word Press et Joomla"},"content":{"rendered":"<section class=\"wpb-content-wrapper\">[vc_row padding_top=&#8221;-20&#8243; padding_bottom=&#8221;0&#8243;][vc_column][vc_column_text]Merci de visiter la section blog d&#8217;Inzinc. Nous essayons toujours de trouver des nouvelles pertinentes et r\u00e9centes qui ont une incidence sur vous et sur les performances du site Web de votre entreprise. Visitez souvent cette section car elle est toujours mise \u00e0 jour.[\/vc_column_text][\/vc_column][\/vc_row][vc_row][vc_column]\n\t<div class=\"sq-posts-data\" style=\"display: none;\"><input type=\"hidden\" id=\"post-security\" name=\"post-security\" value=\"f8ff44163b\" \/><input type=\"hidden\" name=\"_wp_http_referer\" value=\"\/fr\/wp-json\/wp\/v2\/pages\/11259\" \/><input type=\"hidden\" name=\"pitem\" value=\"0\"><input type=\"hidden\" name=\"post_id\" value=\"11259\"><\/div>\n\t\n\t\n\t\t<div class=\"posts-listing responsive-cols kleo-masonry per-row-4 with-meta masonry-listing\">\n\n\t\n\t\n<article id=\"post-11531\" class=\"post-item post-11531 post type-post status-publish format-standard has-post-thumbnail hentry category-arnaques\">\n    <div class=\"post-content animated animate-when-almost-visible el-appear\">\n\n\t\t<div class=\"post-image\"><a href=\"https:\/\/inzinc.com\/fr\/les-escroqueries-fiscales-et-autres-se-poursuivent-au-canada-les-escrocs-utilisant-un-faux-numero-800-de-larc-usurpe\/\" class=\"element-wrap\"><img width=\"480\" height=\"266\" src=\"https:\/\/inzinc.com\/wp-content\/uploads\/2018\/05\/telephone_tax_scameng-480x266.jpg\" class=\"attachment-kleo-post-grid size-kleo-post-grid wp-post-image\" alt=\"Les escroqueries fiscales et autres se poursuivent au Canada, les escrocs utilisant un faux num\u00e9ro 800 de l&#039;ARC &quot;usurp\u00e9&quot;.\" decoding=\"async\" srcset=\"https:\/\/inzinc.com\/wp-content\/uploads\/2018\/05\/telephone_tax_scameng-480x266.jpg 480w, https:\/\/inzinc.com\/wp-content\/uploads\/2018\/05\/telephone_tax_scameng-600x333.jpg 600w, https:\/\/inzinc.com\/wp-content\/uploads\/2018\/05\/telephone_tax_scameng-300x166.jpg 300w, https:\/\/inzinc.com\/wp-content\/uploads\/2018\/05\/telephone_tax_scameng-768x426.jpg 768w, https:\/\/inzinc.com\/wp-content\/uploads\/2018\/05\/telephone_tax_scameng-100x55.jpg 100w, https:\/\/inzinc.com\/wp-content\/uploads\/2018\/05\/telephone_tax_scameng-672x373.jpg 672w, https:\/\/inzinc.com\/wp-content\/uploads\/2018\/05\/telephone_tax_scameng.jpg 860w\" sizes=\"(max-width: 480px) 100vw, 480px\" title=\"Les escroqueries fiscales et autres se poursuivent au Canada, les escrocs utilisant un faux num\u00e9ro 800 de l&#039;ARC &quot;usurp\u00e9&quot;.\" \/><span class=\"hover-element\"><i>+<\/i><\/span><\/a><\/div>\n\t\t\n            <div class=\"post-header\">\n\n\t\t\t\t                    <h3 class=\"post-title entry-title\"><a href=\"https:\/\/inzinc.com\/fr\/les-escroqueries-fiscales-et-autres-se-poursuivent-au-canada-les-escrocs-utilisant-un-faux-numero-800-de-larc-usurpe\/\">Les escroqueries fiscales et autres se poursuivent au Canada, les escrocs utilisant un faux num\u00e9ro 800 de l&#8217;ARC &#8220;usurp\u00e9&#8221;.<\/a>\n                    <\/h3>\n\t\t\t\t\n                <span class=\"post-meta\">\n                    <small class=\"meta-author author vcard\"><a class=\"url fn n\" href=\"https:\/\/inzinc.com\/fr\/author\/damienlan\/\" title=\"View all POSTS by Mike Hanlon\" rel=\"author\"> <span class=\"author-name\">Mike Hanlon<\/span><\/a><\/small>, <small class=\"meta-category\"><a href=\"https:\/\/inzinc.com\/fr\/arnaques\/\" rel=\"category tag\">Arnaques<\/a><\/small>, <small class=\"meta-comment-count\"><a href=\"https:\/\/inzinc.com\/fr\/les-escroqueries-fiscales-et-autres-se-poursuivent-au-canada-les-escrocs-utilisant-un-faux-numero-800-de-larc-usurpe\/#comments\">0 <i class=\"icon-chat-1 hover-tip\" data-original-title=\"This article has 0 comments\" data-toggle=\"tooltip\" data-placement=\"top\"><\/i><\/a><\/small>                <\/span>\n\n            <\/div>\n\n\t\t\t\n\t\t\t\t                    <div class=\"post-info\">\n\n                        <div class=\"entry-summary\">\n\t\t\t\t\t\t\t<p>Aujourd&#8217;hui, nous avons re\u00e7u un appel d&#8217;un appelant ID : v53116370500000 et du num\u00e9ro, 1.800.959.8281 (faux num\u00e9ro) (un faux...<\/p>                        <\/div>\n\n                    <\/div>\n\t\t\t\t\n\t\t\t\n\t\t\n        <div class=\"post-footer\">\n            <small>\n\t\t\t\t<a href=\"#\" class=\"item-likes\" id=\"item-likes-1552\" title=\"Like this\"><span class=\"item-likes-count\">4<\/span> <span class=\"item-likes-postfix\">likes<\/span><\/a>\n\t\t\t\t                    <a href=\"https:\/\/inzinc.com\/fr\/les-escroqueries-fiscales-et-autres-se-poursuivent-au-canada-les-escrocs-utilisant-un-faux-numero-800-de-larc-usurpe\/\"><span class=\"muted pull-right\">\n\t\t\t\t\t\tRead more<\/span>\n                    <\/a>\n\t\t\t\t\n            <\/small>\n        <\/div>\n\n    <\/div>\n<\/article>\n\n\n\t<\/div> \n\n\t\n[\/vc_column][\/vc_row]\n<\/section>","protected":false},"excerpt":{"rendered":"<p>[vc_row padding_top=&#8221;-20&#8243; padding_bottom=&#8221;0&#8243;][vc_column][vc_column_text]Merci de visiter la section blog d&#8217;Inzinc. Nous essayons toujours de trouver des nouvelles pertinentes et r\u00e9centes qui ont une incidence sur vous et sur les performances du site Web de votre entreprise. Visitez souvent cette section car elle est toujours mise \u00e0 jour.[\/vc_column_text][\/vc_column][\/vc_row][vc_row][vc_column][\/vc_column][\/vc_row]<\/p>\n","protected":false},"author":1,"featured_media":0,"parent":0,"menu_order":0,"comment_status":"closed","ping_status":"closed","template":"","meta":{"footnotes":""},"yoast_head":"\n<title>Nouvelles sur Word Press et Joomla<\/title>\n<meta name=\"robots\" content=\"index, follow, max-snippet:-1, max-image-preview:large, max-video-preview:-1\" \/>\n<link rel=\"canonical\" href=\"https:\/\/inzinc.com\/fr\/nouvelles-sur-word-press-et-joomla\/\" \/>\n<meta property=\"og:locale\" content=\"fr_CA\" \/>\n<meta property=\"og:type\" content=\"article\" \/>\n<meta property=\"og:title\" content=\"Nouvelles sur Word Press et Joomla\" \/>\n<meta property=\"og:description\" content=\"[vc_row padding_top=&#8221;-20&#8243; padding_bottom=&#8221;0&#8243;][vc_column][vc_column_text]Merci de visiter la section blog d&#8217;Inzinc. Nous essayons toujours de trouver des nouvelles pertinentes et r\u00e9centes qui ont une incidence sur vous et sur les performances du site Web de votre entreprise. Visitez souvent cette section car elle est toujours mise \u00e0 jour.[\/vc_column_text][\/vc_column][\/vc_row][vc_row][vc_column][\/vc_column][\/vc_row]\" \/>\n<meta property=\"og:url\" content=\"https:\/\/inzinc.com\/fr\/nouvelles-sur-word-press-et-joomla\/\" \/>\n<meta property=\"og:site_name\" content=\"Inzinc WordPress Marketing\" \/>\n<meta property=\"article:publisher\" content=\"https:\/\/www.facebook.com\/inzinc\" \/>\n<meta property=\"article:modified_time\" content=\"2022-10-23T00:26:28+00:00\" \/>\n<meta property=\"og:image\" content=\"https:\/\/inzinc.com\/wp-content\/uploads\/2017\/12\/logo_mtl_web_design.png\" \/>\n\t<meta property=\"og:image:width\" content=\"190\" \/>\n\t<meta property=\"og:image:height\" content=\"56\" \/>\n\t<meta property=\"og:image:type\" content=\"image\/png\" \/>\n<meta name=\"twitter:card\" content=\"summary_large_image\" \/>\n<meta name=\"twitter:site\" content=\"@inzincweb\" \/>\n<script type=\"application\/ld+json\" class=\"yoast-schema-graph\">{\"@context\":\"https:\/\/schema.org\",\"@graph\":[{\"@type\":\"WebPage\",\"@id\":\"https:\/\/inzinc.com\/fr\/nouvelles-sur-word-press-et-joomla\/\",\"url\":\"https:\/\/inzinc.com\/fr\/nouvelles-sur-word-press-et-joomla\/\",\"name\":\"Nouvelles sur Word Press et Joomla\",\"isPartOf\":{\"@id\":\"https:\/\/inzinc.com\/fr\/#website\"},\"datePublished\":\"2021-12-30T01:41:48+00:00\",\"dateModified\":\"2022-10-23T00:26:28+00:00\",\"breadcrumb\":{\"@id\":\"https:\/\/inzinc.com\/fr\/nouvelles-sur-word-press-et-joomla\/#breadcrumb\"},\"inLanguage\":\"fr-CA\",\"potentialAction\":[{\"@type\":\"ReadAction\",\"target\":[\"https:\/\/inzinc.com\/fr\/nouvelles-sur-word-press-et-joomla\/\"]}]},{\"@type\":\"BreadcrumbList\",\"@id\":\"https:\/\/inzinc.com\/fr\/nouvelles-sur-word-press-et-joomla\/#breadcrumb\",\"itemListElement\":[{\"@type\":\"ListItem\",\"position\":1,\"name\":\"Home\",\"item\":\"https:\/\/inzinc.com\/fr\/\"},{\"@type\":\"ListItem\",\"position\":2,\"name\":\"Nouvelles sur Word Press et Joomla\"}]},{\"@type\":\"WebSite\",\"@id\":\"https:\/\/inzinc.com\/fr\/#website\",\"url\":\"https:\/\/inzinc.com\/fr\/\",\"name\":\"Inzinc WordPress Marketing\",\"description\":\"Over 30 years in WordPress website development\",\"publisher\":{\"@id\":\"https:\/\/inzinc.com\/fr\/#organization\"},\"potentialAction\":[{\"@type\":\"SearchAction\",\"target\":{\"@type\":\"EntryPoint\",\"urlTemplate\":\"https:\/\/inzinc.com\/fr\/?s={search_term_string}\"},\"query-input\":\"required name=search_term_string\"}],\"inLanguage\":\"fr-CA\"},{\"@type\":[\"Organization\",\"Place\",\"LocalBusiness\"],\"@id\":\"https:\/\/inzinc.com\/fr\/#organization\",\"name\":\"Inzinc WordPress Marketing\",\"url\":\"https:\/\/inzinc.com\/fr\/\",\"logo\":{\"@id\":\"https:\/\/inzinc.com\/fr\/nouvelles-sur-word-press-et-joomla\/#local-main-organization-logo\"},\"image\":{\"@id\":\"https:\/\/inzinc.com\/fr\/nouvelles-sur-word-press-et-joomla\/#local-main-organization-logo\"},\"sameAs\":[\"http:\/\/www.youtube.com\/montrealjoomla\",\"https:\/\/www.facebook.com\/inzinc\",\"https:\/\/twitter.com\/inzincweb\"],\"address\":{\"@id\":\"https:\/\/inzinc.com\/fr\/nouvelles-sur-word-press-et-joomla\/#local-main-place-address\"},\"geo\":{\"@type\":\"GeoCoordinates\",\"latitude\":\"45.56803902876817\",\"longitude\":\"-73.62276167298555\"},\"telephone\":[\"15144898794\"],\"openingHoursSpecification\":[{\"@type\":\"OpeningHoursSpecification\",\"dayOfWeek\":[\"Monday\",\"Tuesday\",\"Wednesday\",\"Thursday\",\"Friday\"],\"opens\":\"09:00\",\"closes\":\"21:00\"},{\"@type\":\"OpeningHoursSpecification\",\"dayOfWeek\":[\"Saturday\",\"Sunday\"],\"opens\":\"12:00\",\"closes\":\"18:00\"}],\"email\":\"mike@inzinc.com\",\"areaServed\":\"Montreal,Laval,North America,United States\",\"priceRange\":\"$$$$\",\"currenciesAccepted\":\"CAD,USD\",\"paymentAccepted\":\"Check,Cash,Visa,MasterCard,Paypal\"},{\"@type\":\"PostalAddress\",\"@id\":\"https:\/\/inzinc.com\/fr\/nouvelles-sur-word-press-et-joomla\/#local-main-place-address\",\"streetAddress\":\"8730 9th avenue\",\"addressLocality\":\"Montreal\",\"postalCode\":\"H1Z3A2\",\"addressRegion\":\"Quebec\",\"addressCountry\":\"CA\"},{\"@type\":\"ImageObject\",\"inLanguage\":\"fr-CA\",\"@id\":\"https:\/\/inzinc.com\/fr\/nouvelles-sur-word-press-et-joomla\/#local-main-organization-logo\",\"url\":\"https:\/\/inzinc.com\/wp-content\/uploads\/2017\/12\/wordpress_marketing_montreal4-e1665276622252.png\",\"contentUrl\":\"https:\/\/inzinc.com\/wp-content\/uploads\/2017\/12\/wordpress_marketing_montreal4-e1665276622252.png\",\"width\":200,\"height\":56,\"caption\":\"Inzinc WordPress Marketing\"}]}<\/script>\n<meta name=\"geo.placename\" content=\"Montreal\" \/>\n<meta name=\"geo.position\" content=\"45.56803902876817;-73.62276167298555\" \/>\n<meta name=\"geo.region\" content=\"Canada\" \/>\n","yoast_head_json":{"title":"Nouvelles sur Word Press et Joomla","robots":{"index":"index","follow":"follow","max-snippet":"max-snippet:-1","max-image-preview":"max-image-preview:large","max-video-preview":"max-video-preview:-1"},"canonical":"https:\/\/inzinc.com\/fr\/nouvelles-sur-word-press-et-joomla\/","og_locale":"fr_CA","og_type":"article","og_title":"Nouvelles sur Word Press et Joomla","og_description":"[vc_row padding_top=&#8221;-20&#8243; padding_bottom=&#8221;0&#8243;][vc_column][vc_column_text]Merci de visiter la section blog d&#8217;Inzinc. Nous essayons toujours de trouver des nouvelles pertinentes et r\u00e9centes qui ont une incidence sur vous et sur les performances du site Web de votre entreprise. Visitez souvent cette section car elle est toujours mise \u00e0 jour.[\/vc_column_text][\/vc_column][\/vc_row][vc_row][vc_column][\/vc_column][\/vc_row]","og_url":"https:\/\/inzinc.com\/fr\/nouvelles-sur-word-press-et-joomla\/","og_site_name":"Inzinc WordPress Marketing","article_publisher":"https:\/\/www.facebook.com\/inzinc","article_modified_time":"2022-10-23T00:26:28+00:00","og_image":[{"width":190,"height":56,"url":"https:\/\/inzinc.com\/wp-content\/uploads\/2017\/12\/logo_mtl_web_design.png","type":"image\/png"}],"twitter_card":"summary_large_image","twitter_site":"@inzincweb","schema":{"@context":"https:\/\/schema.org","@graph":[{"@type":"WebPage","@id":"https:\/\/inzinc.com\/fr\/nouvelles-sur-word-press-et-joomla\/","url":"https:\/\/inzinc.com\/fr\/nouvelles-sur-word-press-et-joomla\/","name":"Nouvelles sur Word Press et Joomla","isPartOf":{"@id":"https:\/\/inzinc.com\/fr\/#website"},"datePublished":"2021-12-30T01:41:48+00:00","dateModified":"2022-10-23T00:26:28+00:00","breadcrumb":{"@id":"https:\/\/inzinc.com\/fr\/nouvelles-sur-word-press-et-joomla\/#breadcrumb"},"inLanguage":"fr-CA","potentialAction":[{"@type":"ReadAction","target":["https:\/\/inzinc.com\/fr\/nouvelles-sur-word-press-et-joomla\/"]}]},{"@type":"BreadcrumbList","@id":"https:\/\/inzinc.com\/fr\/nouvelles-sur-word-press-et-joomla\/#breadcrumb","itemListElement":[{"@type":"ListItem","position":1,"name":"Home","item":"https:\/\/inzinc.com\/fr\/"},{"@type":"ListItem","position":2,"name":"Nouvelles sur Word Press et Joomla"}]},{"@type":"WebSite","@id":"https:\/\/inzinc.com\/fr\/#website","url":"https:\/\/inzinc.com\/fr\/","name":"Inzinc WordPress Marketing","description":"Over 30 years in WordPress website development","publisher":{"@id":"https:\/\/inzinc.com\/fr\/#organization"},"potentialAction":[{"@type":"SearchAction","target":{"@type":"EntryPoint","urlTemplate":"https:\/\/inzinc.com\/fr\/?s={search_term_string}"},"query-input":"required name=search_term_string"}],"inLanguage":"fr-CA"},{"@type":["Organization","Place","LocalBusiness"],"@id":"https:\/\/inzinc.com\/fr\/#organization","name":"Inzinc WordPress Marketing","url":"https:\/\/inzinc.com\/fr\/","logo":{"@id":"https:\/\/inzinc.com\/fr\/nouvelles-sur-word-press-et-joomla\/#local-main-organization-logo"},"image":{"@id":"https:\/\/inzinc.com\/fr\/nouvelles-sur-word-press-et-joomla\/#local-main-organization-logo"},"sameAs":["http:\/\/www.youtube.com\/montrealjoomla","https:\/\/www.facebook.com\/inzinc","https:\/\/twitter.com\/inzincweb"],"address":{"@id":"https:\/\/inzinc.com\/fr\/nouvelles-sur-word-press-et-joomla\/#local-main-place-address"},"geo":{"@type":"GeoCoordinates","latitude":"45.56803902876817","longitude":"-73.62276167298555"},"telephone":["15144898794","15144898794"],"openingHoursSpecification":[{"@type":"OpeningHoursSpecification","dayOfWeek":["Monday","Tuesday","Wednesday","Thursday","Friday"],"opens":"09:00","closes":"21:00"},{"@type":"OpeningHoursSpecification","dayOfWeek":["Saturday","Sunday"],"opens":"12:00","closes":"18:00"}],"email":"mike@inzinc.com","areaServed":"Montreal,Laval,North America,United States","priceRange":"$$$$","currenciesAccepted":"CAD,USD","paymentAccepted":"Check,Cash,Visa,MasterCard,Paypal"},{"@type":"PostalAddress","@id":"https:\/\/inzinc.com\/fr\/nouvelles-sur-word-press-et-joomla\/#local-main-place-address","streetAddress":"8730 9th avenue","addressLocality":"Montreal","postalCode":"H1Z3A2","addressRegion":"Quebec","addressCountry":"CA"},{"@type":"ImageObject","inLanguage":"fr-CA","@id":"https:\/\/inzinc.com\/fr\/nouvelles-sur-word-press-et-joomla\/#local-main-organization-logo","url":"https:\/\/inzinc.com\/wp-content\/uploads\/2017\/12\/wordpress_marketing_montreal4-e1665276622252.png","contentUrl":"https:\/\/inzinc.com\/wp-content\/uploads\/2017\/12\/wordpress_marketing_montreal4-e1665276622252.png","width":200,"height":56,"caption":"Inzinc WordPress Marketing"}]},"geo.placename":"Montreal","geo.position":{"lat":"45.56803902876817","long":"-73.62276167298555"},"geo.region":"Canada"},"_links":{"self":[{"href":"https:\/\/inzinc.com\/fr\/wp-json\/wp\/v2\/pages\/11259"}],"collection":[{"href":"https:\/\/inzinc.com\/fr\/wp-json\/wp\/v2\/pages"}],"about":[{"href":"https:\/\/inzinc.com\/fr\/wp-json\/wp\/v2\/types\/page"}],"author":[{"embeddable":true,"href":"https:\/\/inzinc.com\/fr\/wp-json\/wp\/v2\/users\/1"}],"replies":[{"embeddable":true,"href":"https:\/\/inzinc.com\/fr\/wp-json\/wp\/v2\/comments?post=11259"}],"version-history":[{"count":0,"href":"https:\/\/inzinc.com\/fr\/wp-json\/wp\/v2\/pages\/11259\/revisions"}],"wp:attachment":[{"href":"https:\/\/inzinc.com\/fr\/wp-json\/wp\/v2\/media?parent=11259"}],"curies":[{"name":"wp","href":"https:\/\/api.w.org\/{rel}","templated":true}]}}